{"id":392275,"date":"2026-03-08T04:46:19","date_gmt":"2026-03-08T03:46:19","guid":{"rendered":"https:\/\/grupotextil.es\/producto\/gorro-de-punto-gofre-de-hilo-reciclado\/"},"modified":"2026-03-08T04:46:19","modified_gmt":"2026-03-08T03:46:19","slug":"gorro-de-punto-gofre-de-hilo-reciclado","status":"publish","type":"product","link":"https:\/\/grupotextil.es\/en\/product\/gorro-de-punto-gofre-de-hilo-reciclado\/","title":{"rendered":"Beanie de punto gofre de hilo reciclado"},"content":{"rendered":"<ul>\n<li>100% Poli\u00e9ster (reciclado)<\/li>\n<li>Estructura gofre<\/li>\n<li>Dise\u00f1o cl\u00e1sico de pescador<\/li>\n<li>Dise\u00f1o con pu\u00f1os para personalizaci\u00f3n opcional<\/li>\n<\/ul>","protected":false},"excerpt":{"rendered":"<p>100% Poli\u00e9ster (reciclado)Estructura gofreDise\u00f1o cl\u00e1sico de pescadorDise\u00f1o con pu\u00f1os para personalizaci\u00f3n opcional<\/p>","protected":false},"featured_media":423227,"comment_status":"open","ping_status":"closed","template":"","meta":{"_acf_changed":false},"product_brand":[11678],"product_cat":[13948,13954],"product_tag":[],"class_list":{"0":"post-392275","1":"product","2":"type-product","3":"status-publish","4":"has-post-thumbnail","6":"product_brand-flexfit","7":"product_cat-accesorios","8":"product_cat-acc-bolsas-y-mochilas","9":"tm-no-options","11":"first","12":"instock","13":"taxable","14":"shipping-taxable","15":"product-type-variable"},"acf":[],"_links":{"self":[{"href":"https:\/\/grupotextil.es\/en\/wp-json\/wp\/v2\/product\/392275","targetHints":{"allow":["GET"]}}],"collection":[{"href":"https:\/\/grupotextil.es\/en\/wp-json\/wp\/v2\/product"}],"about":[{"href":"https:\/\/grupotextil.es\/en\/wp-json\/wp\/v2\/types\/product"}],"replies":[{"embeddable":true,"href":"https:\/\/grupotextil.es\/en\/wp-json\/wp\/v2\/comments?post=392275"}],"wp:featuredmedia":[{"embeddable":true,"href":"https:\/\/grupotextil.es\/en\/wp-json\/wp\/v2\/media\/423227"}],"wp:attachment":[{"href":"https:\/\/grupotextil.es\/en\/wp-json\/wp\/v2\/media?parent=392275"}],"wp:term":[{"taxonomy":"product_brand","embeddable":true,"href":"https:\/\/grupotextil.es\/en\/wp-json\/wp\/v2\/product_brand?post=392275"},{"taxonomy":"product_cat","embeddable":true,"href":"https:\/\/grupotextil.es\/en\/wp-json\/wp\/v2\/product_cat?post=392275"},{"taxonomy":"product_tag","embeddable":true,"href":"https:\/\/grupotextil.es\/en\/wp-json\/wp\/v2\/product_tag?post=392275"}],"curies":[{"name":"wp","href":"https:\/\/api.w.org\/{rel}","templated":true}]}}