{"id":392295,"date":"2026-03-08T04:46:31","date_gmt":"2026-03-08T03:46:31","guid":{"rendered":"https:\/\/grupotextil.es\/producto\/mochila-chappaqua\/"},"modified":"2026-03-08T04:46:31","modified_gmt":"2026-03-08T03:46:31","slug":"mochila-chappaqua","status":"publish","type":"product","link":"https:\/\/grupotextil.es\/en\/product\/mochila-chappaqua\/","title":{"rendered":"Mochila Chappaqua"},"content":{"rendered":"<ul>\n<li>100% Poli\u00e9ster (600D)<\/li>\n<li>Tejido del cintur\u00f3n: 100% Poliuretano<\/li>\n<li>Correas de hombro ergon\u00f3micas y acolchadas<\/li>\n<li>Cierre de hebilla con correas ajustables.<\/li>\n<li>Bolsillo con cremallera en la tapa<\/li>\n<li>Compartimento principal grande con compartimiento para computadora port\u00e1til, compatible hasta 17<\/li>\n<li>Bolsillo frontal con cremallera<\/li>\n<li>Correas de compresi\u00f3n laterales ajustables<\/li>\n<li>Acceso para decoraci\u00f3n.<\/li>\n<li>Este producto est\u00e1 respaldado por una garant\u00eda de 5 a\u00f1os.<\/li>\n<\/ul>","protected":false},"excerpt":{"rendered":"<p>100% Poli\u00e9ster (600D)Tejido del cintur\u00f3n: 100% PoliuretanoCorreas de hombro ergon\u00f3micas y acolchadasCierre de hebilla con correas ajustables.<\/p>","protected":false},"featured_media":423257,"comment_status":"open","ping_status":"closed","template":"","meta":{"_acf_changed":false},"product_brand":[11664],"product_cat":[13954],"product_tag":[],"class_list":{"0":"post-392295","1":"product","2":"type-product","3":"status-publish","4":"has-post-thumbnail","6":"product_brand-stormtech","7":"product_cat-acc-bolsas-y-mochilas","8":"tm-no-options","10":"first","11":"instock","12":"taxable","13":"shipping-taxable","14":"product-type-variable"},"acf":[],"_links":{"self":[{"href":"https:\/\/grupotextil.es\/en\/wp-json\/wp\/v2\/product\/392295","targetHints":{"allow":["GET"]}}],"collection":[{"href":"https:\/\/grupotextil.es\/en\/wp-json\/wp\/v2\/product"}],"about":[{"href":"https:\/\/grupotextil.es\/en\/wp-json\/wp\/v2\/types\/product"}],"replies":[{"embeddable":true,"href":"https:\/\/grupotextil.es\/en\/wp-json\/wp\/v2\/comments?post=392295"}],"wp:featuredmedia":[{"embeddable":true,"href":"https:\/\/grupotextil.es\/en\/wp-json\/wp\/v2\/media\/423257"}],"wp:attachment":[{"href":"https:\/\/grupotextil.es\/en\/wp-json\/wp\/v2\/media?parent=392295"}],"wp:term":[{"taxonomy":"product_brand","embeddable":true,"href":"https:\/\/grupotextil.es\/en\/wp-json\/wp\/v2\/product_brand?post=392295"},{"taxonomy":"product_cat","embeddable":true,"href":"https:\/\/grupotextil.es\/en\/wp-json\/wp\/v2\/product_cat?post=392295"},{"taxonomy":"product_tag","embeddable":true,"href":"https:\/\/grupotextil.es\/en\/wp-json\/wp\/v2\/product_tag?post=392295"}],"curies":[{"name":"wp","href":"https:\/\/api.w.org\/{rel}","templated":true}]}}