{"id":392324,"date":"2026-03-08T04:46:36","date_gmt":"2026-03-08T03:46:36","guid":{"rendered":"https:\/\/grupotextil.es\/producto\/retro-trucker-camuflaje\/"},"modified":"2026-03-08T04:46:36","modified_gmt":"2026-03-08T03:46:36","slug":"retro-trucker-camuflaje","status":"publish","type":"product","link":"https:\/\/grupotextil.es\/en\/product\/retro-trucker-camuflaje\/","title":{"rendered":"Retro Trucker camuflaje"},"content":{"rendered":"<ul>\n<li>65% Poli\u00e9ster, 35% Algod\u00f3n<\/li>\n<li>Paneles de malla: 100% Poli\u00e9ster<\/li>\n<li>6 paneles<\/li>\n<li>Visera con 8 filas de pespuntes<\/li>\n<li>Visera inferior en color de contraste (Black)<\/li>\n<li>Visera precurvada<\/li>\n<li>Cierre a presi\u00f3n<\/li>\n<\/ul>","protected":false},"excerpt":{"rendered":"<p>65% Poli\u00e9ster, 35% Algod\u00f3nPaneles de malla: 100% Poli\u00e9ster6 panelesVisera con 8 filas de pespuntesVisera inferior en color de contraste (Black)Visera precurvadaCierre a presi\u00f3n<\/p>","protected":false},"featured_media":423305,"comment_status":"open","ping_status":"closed","template":"","meta":{"_acf_changed":false},"product_brand":[11678],"product_cat":[13954],"product_tag":[],"class_list":{"0":"post-392324","1":"product","2":"type-product","3":"status-publish","4":"has-post-thumbnail","6":"product_brand-flexfit","7":"product_cat-acc-bolsas-y-mochilas","8":"tm-no-options","10":"first","11":"instock","12":"taxable","13":"shipping-taxable","14":"product-type-variable"},"acf":[],"_links":{"self":[{"href":"https:\/\/grupotextil.es\/en\/wp-json\/wp\/v2\/product\/392324","targetHints":{"allow":["GET"]}}],"collection":[{"href":"https:\/\/grupotextil.es\/en\/wp-json\/wp\/v2\/product"}],"about":[{"href":"https:\/\/grupotextil.es\/en\/wp-json\/wp\/v2\/types\/product"}],"replies":[{"embeddable":true,"href":"https:\/\/grupotextil.es\/en\/wp-json\/wp\/v2\/comments?post=392324"}],"wp:featuredmedia":[{"embeddable":true,"href":"https:\/\/grupotextil.es\/en\/wp-json\/wp\/v2\/media\/423305"}],"wp:attachment":[{"href":"https:\/\/grupotextil.es\/en\/wp-json\/wp\/v2\/media?parent=392324"}],"wp:term":[{"taxonomy":"product_brand","embeddable":true,"href":"https:\/\/grupotextil.es\/en\/wp-json\/wp\/v2\/product_brand?post=392324"},{"taxonomy":"product_cat","embeddable":true,"href":"https:\/\/grupotextil.es\/en\/wp-json\/wp\/v2\/product_cat?post=392324"},{"taxonomy":"product_tag","embeddable":true,"href":"https:\/\/grupotextil.es\/en\/wp-json\/wp\/v2\/product_tag?post=392324"}],"curies":[{"name":"wp","href":"https:\/\/api.w.org\/{rel}","templated":true}]}}