{"id":392370,"date":"2026-03-08T04:46:42","date_gmt":"2026-03-08T03:46:42","guid":{"rendered":"https:\/\/grupotextil.es\/producto\/bolsa-doble-asa-con-cremallera-grado-b\/"},"modified":"2026-03-08T04:46:42","modified_gmt":"2026-03-08T03:46:42","slug":"bolsa-doble-asa-con-cremallera-grado-b","status":"publish","type":"product","link":"https:\/\/grupotextil.es\/en\/product\/bolsa-doble-asa-con-cremallera-grado-b\/","title":{"rendered":"Bag doble asa con cremallera &#8211; Grado B"},"content":{"rendered":"<ul>\n<li>450 g\/m\u00b2<\/li>\n<li>100% algod\u00f3n (lienzo)<\/li>\n<li>Pieza te\u00f1ida y lavada (cada pieza es \u00fanica)<\/li>\n<li>2 Asa cortas (SH):40 cm, 1 asa larga (LH): 74 cm<\/li>\n<li>Cierre con cremallera entera<\/li>\n<li>Bolsillo interior: 14 x 15 cm<\/li>\n<li>Puntada contrastada<\/li>\n<li>Fondo plegable: 32 x 12 cm<\/li>\n<li>Medidas: 44 x 33 x 12 cm<\/li>\n<li>Adecuado para serigraf\u00eda, transfer, digital y bordado.<\/li>\n<li>Lavado solo a mano con agua tibia<\/li>\n<li>ATENCI\u00d3N: Algunas cremalleras pueden estar da\u00f1adas u oxidadas.<\/li>\n<\/ul>","protected":false},"excerpt":{"rendered":"<p>450 g\/m\u00b2100% algod\u00f3n (lienzo)Pieza te\u00f1ida y lavada (cada pieza es \u00fanica)2 Asa cortas (SH):40 cm, 1 asa larga (LH): 74 cmCierre con cremallera enteraBolsillo interior: 14 x 15 cmPuntada contrastadaF&#8230;<\/p>","protected":false},"featured_media":423364,"comment_status":"open","ping_status":"closed","template":"","meta":{"_acf_changed":false},"product_brand":[11681],"product_cat":[13954],"product_tag":[],"class_list":{"0":"post-392370","1":"product","2":"type-product","3":"status-publish","4":"has-post-thumbnail","6":"product_brand-sg-accessories-bags","7":"product_cat-acc-bolsas-y-mochilas","8":"tm-no-options","10":"first","11":"instock","12":"taxable","13":"shipping-taxable","14":"product-type-variable"},"acf":[],"_links":{"self":[{"href":"https:\/\/grupotextil.es\/en\/wp-json\/wp\/v2\/product\/392370","targetHints":{"allow":["GET"]}}],"collection":[{"href":"https:\/\/grupotextil.es\/en\/wp-json\/wp\/v2\/product"}],"about":[{"href":"https:\/\/grupotextil.es\/en\/wp-json\/wp\/v2\/types\/product"}],"replies":[{"embeddable":true,"href":"https:\/\/grupotextil.es\/en\/wp-json\/wp\/v2\/comments?post=392370"}],"wp:featuredmedia":[{"embeddable":true,"href":"https:\/\/grupotextil.es\/en\/wp-json\/wp\/v2\/media\/423364"}],"wp:attachment":[{"href":"https:\/\/grupotextil.es\/en\/wp-json\/wp\/v2\/media?parent=392370"}],"wp:term":[{"taxonomy":"product_brand","embeddable":true,"href":"https:\/\/grupotextil.es\/en\/wp-json\/wp\/v2\/product_brand?post=392370"},{"taxonomy":"product_cat","embeddable":true,"href":"https:\/\/grupotextil.es\/en\/wp-json\/wp\/v2\/product_cat?post=392370"},{"taxonomy":"product_tag","embeddable":true,"href":"https:\/\/grupotextil.es\/en\/wp-json\/wp\/v2\/product_tag?post=392370"}],"curies":[{"name":"wp","href":"https:\/\/api.w.org\/{rel}","templated":true}]}}