{"id":392578,"date":"2026-03-08T04:47:08","date_gmt":"2026-03-08T03:47:08","guid":{"rendered":"https:\/\/grupotextil.es\/producto\/bolsa-conferencia-kansas\/"},"modified":"2026-03-08T04:47:08","modified_gmt":"2026-03-08T03:47:08","slug":"bolsa-conferencia-kansas","status":"publish","type":"product","link":"https:\/\/grupotextil.es\/en\/product\/bolsa-conferencia-kansas\/","title":{"rendered":"Bag conferencia Kansas"},"content":{"rendered":"<ul>\n<li>100% poli\u00e9ster (600D Ripstop)<\/li>\n<li>Correa de hombro reforzada<\/li>\n<li>Asas reforzadas<\/li>\n<li>Compartimento principal grande con cremallera<\/li>\n<li>Compartimento frontal con cremallera<\/li>\n<li>Capacidad: 13 litros<\/li>\n<li>Medidas: 41 x 29 x 11 cm<\/li>\n<li>Apropiado para serigraf\u00eda, impresi\u00f3n por transfer y bordado<\/li>\n<li>M\u00e1ximo bordado: aro tubular 18<\/li>\n<li>M\u00e1xima \u00e1rea de impresi\u00f3n: 36 x 22 cm<\/li>\n<\/ul>","protected":false},"excerpt":{"rendered":"<p>100% poli\u00e9ster (600D Ripstop)Correa de hombro reforzadaAsas reforzadasCompartimento principal grande con cremalleraCompartimento frontal con cremalleraCapacidad: 13 litrosMedidas: 41 x 29 x 11 cmAprop<\/p>","protected":false},"featured_media":423640,"comment_status":"open","ping_status":"closed","template":"","meta":{"_acf_changed":false},"product_brand":[11660],"product_cat":[13990,13981,13974,13932,13930,13975,13935,13973],"product_tag":[],"class_list":{"0":"post-392578","1":"product","2":"type-product","3":"status-publish","4":"has-post-thumbnail","6":"product_brand-shugon","7":"product_cat-m-chaquetas-y-abrigos","8":"product_cat-h-chaquetas-y-abrigos","9":"product_cat-ropa-hombre","10":"product_cat-hosteleria-horeca","11":"product_cat-laboral","12":"product_cat-ropa-mujer","13":"product_cat-pantalones-cocina","14":"product_cat-ropa","15":"tm-no-options","17":"first","18":"instock","19":"taxable","20":"shipping-taxable","21":"product-type-variable"},"acf":[],"_links":{"self":[{"href":"https:\/\/grupotextil.es\/en\/wp-json\/wp\/v2\/product\/392578","targetHints":{"allow":["GET"]}}],"collection":[{"href":"https:\/\/grupotextil.es\/en\/wp-json\/wp\/v2\/product"}],"about":[{"href":"https:\/\/grupotextil.es\/en\/wp-json\/wp\/v2\/types\/product"}],"replies":[{"embeddable":true,"href":"https:\/\/grupotextil.es\/en\/wp-json\/wp\/v2\/comments?post=392578"}],"wp:featuredmedia":[{"embeddable":true,"href":"https:\/\/grupotextil.es\/en\/wp-json\/wp\/v2\/media\/423640"}],"wp:attachment":[{"href":"https:\/\/grupotextil.es\/en\/wp-json\/wp\/v2\/media?parent=392578"}],"wp:term":[{"taxonomy":"product_brand","embeddable":true,"href":"https:\/\/grupotextil.es\/en\/wp-json\/wp\/v2\/product_brand?post=392578"},{"taxonomy":"product_cat","embeddable":true,"href":"https:\/\/grupotextil.es\/en\/wp-json\/wp\/v2\/product_cat?post=392578"},{"taxonomy":"product_tag","embeddable":true,"href":"https:\/\/grupotextil.es\/en\/wp-json\/wp\/v2\/product_tag?post=392578"}],"curies":[{"name":"wp","href":"https:\/\/api.w.org\/{rel}","templated":true}]}}