{"id":392589,"date":"2026-03-08T04:47:10","date_gmt":"2026-03-08T03:47:10","guid":{"rendered":"https:\/\/grupotextil.es\/producto\/rinonera\/"},"modified":"2026-03-08T04:47:10","modified_gmt":"2026-03-08T03:47:10","slug":"rinonera","status":"publish","type":"product","link":"https:\/\/grupotextil.es\/en\/product\/rinonera\/","title":{"rendered":"Ri\u00f1onera"},"content":{"rendered":"<ul>\n<li>100% poli\u00e9ster (600D)<\/li>\n<li>Cintur\u00f3n ajustable<\/li>\n<li>Bolsillo trasero con cremallera<\/li>\n<li>Bolsillo interior de malla<\/li>\n<li>Abertura para auriculares<\/li>\n<li>Gancho para llaves<\/li>\n<li>Capacidad: 2,5 litros<\/li>\n<li>Tama\u00f1o: 24 x 13,5 x 9 cm<\/li>\n<li>Bordado m\u00e1ximo: aro tubular de 9<\/li>\n<li>\u00c1rea m\u00e1xima de impresi\u00f3n: 14 x 8 cm<\/li>\n<\/ul>","protected":false},"excerpt":{"rendered":"<p>100% poli\u00e9ster (600D)Cintur\u00f3n ajustableBolsillo trasero con cremalleraBolsillo interior de mallaAbertura para auricularesGancho para llavesCapacidad: 2,5 litrosTama\u00f1o: 24 x 13,5 x 9 cmBordado m\u00e1ximo:<\/p>","protected":false},"featured_media":423656,"comment_status":"open","ping_status":"closed","template":"","meta":{"_acf_changed":false},"product_brand":[11668],"product_cat":[13981,13990,13974,13932,13930,13975,13935,13973],"product_tag":[],"class_list":{"0":"post-392589","1":"product","2":"type-product","3":"status-publish","4":"has-post-thumbnail","6":"product_brand-bag-base","7":"product_cat-h-chaquetas-y-abrigos","8":"product_cat-m-chaquetas-y-abrigos","9":"product_cat-ropa-hombre","10":"product_cat-hosteleria-horeca","11":"product_cat-laboral","12":"product_cat-ropa-mujer","13":"product_cat-pantalones-cocina","14":"product_cat-ropa","15":"tm-no-options","17":"first","18":"instock","19":"taxable","20":"shipping-taxable","21":"product-type-variable"},"acf":[],"_links":{"self":[{"href":"https:\/\/grupotextil.es\/en\/wp-json\/wp\/v2\/product\/392589","targetHints":{"allow":["GET"]}}],"collection":[{"href":"https:\/\/grupotextil.es\/en\/wp-json\/wp\/v2\/product"}],"about":[{"href":"https:\/\/grupotextil.es\/en\/wp-json\/wp\/v2\/types\/product"}],"replies":[{"embeddable":true,"href":"https:\/\/grupotextil.es\/en\/wp-json\/wp\/v2\/comments?post=392589"}],"wp:featuredmedia":[{"embeddable":true,"href":"https:\/\/grupotextil.es\/en\/wp-json\/wp\/v2\/media\/423656"}],"wp:attachment":[{"href":"https:\/\/grupotextil.es\/en\/wp-json\/wp\/v2\/media?parent=392589"}],"wp:term":[{"taxonomy":"product_brand","embeddable":true,"href":"https:\/\/grupotextil.es\/en\/wp-json\/wp\/v2\/product_brand?post=392589"},{"taxonomy":"product_cat","embeddable":true,"href":"https:\/\/grupotextil.es\/en\/wp-json\/wp\/v2\/product_cat?post=392589"},{"taxonomy":"product_tag","embeddable":true,"href":"https:\/\/grupotextil.es\/en\/wp-json\/wp\/v2\/product_tag?post=392589"}],"curies":[{"name":"wp","href":"https:\/\/api.w.org\/{rel}","templated":true}]}}