{"id":392604,"date":"2026-03-08T04:47:11","date_gmt":"2026-03-08T03:47:11","guid":{"rendered":"https:\/\/grupotextil.es\/producto\/bolsa-pequena-de-yute-y-algodon\/"},"modified":"2026-03-08T04:47:11","modified_gmt":"2026-03-08T03:47:11","slug":"bolsa-pequena-de-yute-y-algodon","status":"publish","type":"product","link":"https:\/\/grupotextil.es\/en\/product\/bolsa-pequena-de-yute-y-algodon\/","title":{"rendered":"Bag peque\u00f1a Jute y algod\u00f3n"},"content":{"rendered":"<ul>\n<li>100% yute, laminado<\/li>\n<li>Longitud de asa: 35 cm<\/li>\n<li>Bolsillo frontal imprimible de algod\u00f3n<\/li>\n<li>Capacidad: 6 Litros<\/li>\n<li>Medidas: 26 x 22 x 14 cm<\/li>\n<li>Max. bordado de aro tubular: 12<\/li>\n<li>\u00c1rea de impresi\u00f3n: 21 x 13 cm.<\/li>\n<\/ul>","protected":false},"excerpt":{"rendered":"<p>100% yute, laminadoLongitud de asa: 35 cmBolsillo frontal imprimible de algod\u00f3nCapacidad: 6 LitrosMedidas: 26 x 22 x 14 cmMax. bordado de aro tubular: 12\u00c1rea de impresi\u00f3n: 21 x 13 cm.<\/p>","protected":false},"featured_media":423671,"comment_status":"open","ping_status":"closed","template":"","meta":{"_acf_changed":false},"product_brand":[11680],"product_cat":[13948,13954],"product_tag":[],"class_list":{"0":"post-392604","1":"product","2":"type-product","3":"status-publish","4":"has-post-thumbnail","6":"product_brand-westford-mill","7":"product_cat-accesorios","8":"product_cat-acc-bolsas-y-mochilas","9":"tm-no-options","11":"first","12":"instock","13":"taxable","14":"shipping-taxable","15":"product-type-variable"},"acf":[],"_links":{"self":[{"href":"https:\/\/grupotextil.es\/en\/wp-json\/wp\/v2\/product\/392604","targetHints":{"allow":["GET"]}}],"collection":[{"href":"https:\/\/grupotextil.es\/en\/wp-json\/wp\/v2\/product"}],"about":[{"href":"https:\/\/grupotextil.es\/en\/wp-json\/wp\/v2\/types\/product"}],"replies":[{"embeddable":true,"href":"https:\/\/grupotextil.es\/en\/wp-json\/wp\/v2\/comments?post=392604"}],"wp:featuredmedia":[{"embeddable":true,"href":"https:\/\/grupotextil.es\/en\/wp-json\/wp\/v2\/media\/423671"}],"wp:attachment":[{"href":"https:\/\/grupotextil.es\/en\/wp-json\/wp\/v2\/media?parent=392604"}],"wp:term":[{"taxonomy":"product_brand","embeddable":true,"href":"https:\/\/grupotextil.es\/en\/wp-json\/wp\/v2\/product_brand?post=392604"},{"taxonomy":"product_cat","embeddable":true,"href":"https:\/\/grupotextil.es\/en\/wp-json\/wp\/v2\/product_cat?post=392604"},{"taxonomy":"product_tag","embeddable":true,"href":"https:\/\/grupotextil.es\/en\/wp-json\/wp\/v2\/product_tag?post=392604"}],"curies":[{"name":"wp","href":"https:\/\/api.w.org\/{rel}","templated":true}]}}