{"id":392665,"date":"2026-03-08T04:47:16","date_gmt":"2026-03-08T03:47:16","guid":{"rendered":"https:\/\/grupotextil.es\/producto\/bolsa-organica-sea-earthaware\/"},"modified":"2026-03-08T04:47:16","modified_gmt":"2026-03-08T03:47:16","slug":"bolsa-organica-sea-earthaware","status":"publish","type":"product","link":"https:\/\/grupotextil.es\/en\/product\/bolsa-organica-sea-earthaware\/","title":{"rendered":"Bag org\u00e1nico Sea EarthAware\u2122"},"content":{"rendered":"<ul>\n<li>340 g\/m\u00b2<\/li>\n<li>100% algod\u00f3n org\u00e1nico<\/li>\n<li>Tejido pesado premium<\/li>\n<li>Cierre de cord\u00f3n<\/li>\n<li>Correa de hombro ajustable<\/li>\n<li>Capacidad: 20 litros<\/li>\n<li>Medidas: 25 x 53 x 25 cm<\/li>\n<li>Max. bordado de aro tubular: 21<\/li>\n<li>\u00c1rea de impresi\u00f3n: 40 x 40 cm<\/li>\n<\/ul>","protected":false},"excerpt":{"rendered":"<p>340 g\/m\u00b2100% algod\u00f3n org\u00e1nicoTejido pesado premiumCierre de cord\u00f3nCorrea de hombro ajustableCapacidad: 20 litrosMedidas: 25 x 53 x 25 cmMax.<\/p>","protected":false},"featured_media":423765,"comment_status":"open","ping_status":"closed","template":"","meta":{"_acf_changed":false},"product_brand":[11680],"product_cat":[13948,13954],"product_tag":[],"class_list":{"0":"post-392665","1":"product","2":"type-product","3":"status-publish","4":"has-post-thumbnail","6":"product_brand-westford-mill","7":"product_cat-accesorios","8":"product_cat-acc-bolsas-y-mochilas","9":"tm-no-options","11":"first","12":"instock","13":"taxable","14":"shipping-taxable","15":"product-type-variable"},"acf":[],"_links":{"self":[{"href":"https:\/\/grupotextil.es\/en\/wp-json\/wp\/v2\/product\/392665","targetHints":{"allow":["GET"]}}],"collection":[{"href":"https:\/\/grupotextil.es\/en\/wp-json\/wp\/v2\/product"}],"about":[{"href":"https:\/\/grupotextil.es\/en\/wp-json\/wp\/v2\/types\/product"}],"replies":[{"embeddable":true,"href":"https:\/\/grupotextil.es\/en\/wp-json\/wp\/v2\/comments?post=392665"}],"wp:featuredmedia":[{"embeddable":true,"href":"https:\/\/grupotextil.es\/en\/wp-json\/wp\/v2\/media\/423765"}],"wp:attachment":[{"href":"https:\/\/grupotextil.es\/en\/wp-json\/wp\/v2\/media?parent=392665"}],"wp:term":[{"taxonomy":"product_brand","embeddable":true,"href":"https:\/\/grupotextil.es\/en\/wp-json\/wp\/v2\/product_brand?post=392665"},{"taxonomy":"product_cat","embeddable":true,"href":"https:\/\/grupotextil.es\/en\/wp-json\/wp\/v2\/product_cat?post=392665"},{"taxonomy":"product_tag","embeddable":true,"href":"https:\/\/grupotextil.es\/en\/wp-json\/wp\/v2\/product_tag?post=392665"}],"curies":[{"name":"wp","href":"https:\/\/api.w.org\/{rel}","templated":true}]}}