{"id":392669,"date":"2026-03-08T04:47:17","date_gmt":"2026-03-08T03:47:17","guid":{"rendered":"https:\/\/grupotextil.es\/producto\/neceser-clasico-linz\/"},"modified":"2026-03-08T04:47:17","modified_gmt":"2026-03-08T03:47:17","slug":"neceser-clasico-linz","status":"publish","type":"product","link":"https:\/\/grupotextil.es\/en\/product\/neceser-clasico-linz\/","title":{"rendered":"Toiletry Bag cl\u00e1sico Linz"},"content":{"rendered":"<ul>\n<li>100% poli\u00e9ster (microfibra\/sat\u00e9n)<\/li>\n<li>Neceser rectangular cl\u00e1sico<\/li>\n<li>Forro interior<\/li>\n<li>Capacidad: 0,7 litros<\/li>\n<li>Medidas: 18 x 8,5 x 5 cm<\/li>\n<li>Bordado m\u00e1ximo: aro tubular 7<\/li>\n<li>\u00c1rea de impresi\u00f3n: 13 x 6 cm<\/li>\n<\/ul>","protected":false},"excerpt":{"rendered":"<p>100% poli\u00e9ster (microfibra\/sat\u00e9n)Neceser rectangular cl\u00e1sicoForro interiorCapacidad: 0,7 litrosMedidas: 18 x 8,5 x 5 cmBordado m\u00e1ximo: aro tubular 7\u00c1rea de impresi\u00f3n: 13 x 6 cm<\/p>","protected":false},"featured_media":423776,"comment_status":"open","ping_status":"closed","template":"","meta":{"_acf_changed":false},"product_brand":[11660],"product_cat":[13948,13954],"product_tag":[],"class_list":{"0":"post-392669","1":"product","2":"type-product","3":"status-publish","4":"has-post-thumbnail","6":"product_brand-shugon","7":"product_cat-accesorios","8":"product_cat-acc-bolsas-y-mochilas","9":"tm-no-options","11":"first","12":"instock","13":"taxable","14":"shipping-taxable","15":"product-type-variable"},"acf":[],"_links":{"self":[{"href":"https:\/\/grupotextil.es\/en\/wp-json\/wp\/v2\/product\/392669","targetHints":{"allow":["GET"]}}],"collection":[{"href":"https:\/\/grupotextil.es\/en\/wp-json\/wp\/v2\/product"}],"about":[{"href":"https:\/\/grupotextil.es\/en\/wp-json\/wp\/v2\/types\/product"}],"replies":[{"embeddable":true,"href":"https:\/\/grupotextil.es\/en\/wp-json\/wp\/v2\/comments?post=392669"}],"wp:featuredmedia":[{"embeddable":true,"href":"https:\/\/grupotextil.es\/en\/wp-json\/wp\/v2\/media\/423776"}],"wp:attachment":[{"href":"https:\/\/grupotextil.es\/en\/wp-json\/wp\/v2\/media?parent=392669"}],"wp:term":[{"taxonomy":"product_brand","embeddable":true,"href":"https:\/\/grupotextil.es\/en\/wp-json\/wp\/v2\/product_brand?post=392669"},{"taxonomy":"product_cat","embeddable":true,"href":"https:\/\/grupotextil.es\/en\/wp-json\/wp\/v2\/product_cat?post=392669"},{"taxonomy":"product_tag","embeddable":true,"href":"https:\/\/grupotextil.es\/en\/wp-json\/wp\/v2\/product_tag?post=392669"}],"curies":[{"name":"wp","href":"https:\/\/api.w.org\/{rel}","templated":true}]}}