{"id":392679,"date":"2026-03-08T04:47:17","date_gmt":"2026-03-08T03:47:17","guid":{"rendered":"https:\/\/grupotextil.es\/producto\/gorra-flexfit-de-3-colores\/"},"modified":"2026-03-08T04:47:17","modified_gmt":"2026-03-08T03:47:17","slug":"gorra-flexfit-de-3-colores","status":"publish","type":"product","link":"https:\/\/grupotextil.es\/en\/product\/gorra-flexfit-de-3-colores\/","title":{"rendered":"Cap Flexfit de 3 colores"},"content":{"rendered":"<ul>\n<li>63 % poli\u00e9ster, 34 % algod\u00f3n, 3 % elastano<\/li>\n<li>6 paneles<\/li>\n<li>Visera con 8 filas de pespuntes<\/li>\n<li>Visera inferior a juego<\/li>\n<li>Visera precurvada<\/li>\n<li>Banda el\u00e1stica integrada<\/li>\n<\/ul>","protected":false},"excerpt":{"rendered":"<p>63 % poli\u00e9ster, 34 % algod\u00f3n, 3 % elastano6 panelesVisera con 8 filas de pespuntesVisera inferior a juegoVisera precurvadaBanda el\u00e1stica integrada<\/p>","protected":false},"featured_media":423785,"comment_status":"open","ping_status":"closed","template":"","meta":{"_acf_changed":false},"product_brand":[11678],"product_cat":[13948,13954],"product_tag":[],"class_list":{"0":"post-392679","1":"product","2":"type-product","3":"status-publish","4":"has-post-thumbnail","6":"product_brand-flexfit","7":"product_cat-accesorios","8":"product_cat-acc-bolsas-y-mochilas","9":"tm-no-options","11":"first","12":"instock","13":"taxable","14":"shipping-taxable","15":"product-type-variable"},"acf":[],"_links":{"self":[{"href":"https:\/\/grupotextil.es\/en\/wp-json\/wp\/v2\/product\/392679","targetHints":{"allow":["GET"]}}],"collection":[{"href":"https:\/\/grupotextil.es\/en\/wp-json\/wp\/v2\/product"}],"about":[{"href":"https:\/\/grupotextil.es\/en\/wp-json\/wp\/v2\/types\/product"}],"replies":[{"embeddable":true,"href":"https:\/\/grupotextil.es\/en\/wp-json\/wp\/v2\/comments?post=392679"}],"wp:featuredmedia":[{"embeddable":true,"href":"https:\/\/grupotextil.es\/en\/wp-json\/wp\/v2\/media\/423785"}],"wp:attachment":[{"href":"https:\/\/grupotextil.es\/en\/wp-json\/wp\/v2\/media?parent=392679"}],"wp:term":[{"taxonomy":"product_brand","embeddable":true,"href":"https:\/\/grupotextil.es\/en\/wp-json\/wp\/v2\/product_brand?post=392679"},{"taxonomy":"product_cat","embeddable":true,"href":"https:\/\/grupotextil.es\/en\/wp-json\/wp\/v2\/product_cat?post=392679"},{"taxonomy":"product_tag","embeddable":true,"href":"https:\/\/grupotextil.es\/en\/wp-json\/wp\/v2\/product_tag?post=392679"}],"curies":[{"name":"wp","href":"https:\/\/api.w.org\/{rel}","templated":true}]}}