{"id":392891,"date":"2026-03-08T04:47:40","date_gmt":"2026-03-08T03:47:40","guid":{"rendered":"https:\/\/grupotextil.es\/producto\/mochila-para-portatil-vintage\/"},"modified":"2026-03-08T04:47:40","modified_gmt":"2026-03-08T03:47:40","slug":"mochila-para-portatil-vintage","status":"publish","type":"product","link":"https:\/\/grupotextil.es\/en\/product\/mochila-para-portatil-vintage\/","title":{"rendered":"Mochila para port\u00e1til Vintage"},"content":{"rendered":"<ul>\n<li>100% poli\u00e9ster (600D)<\/li>\n<li>Asa de mano, correas de hombro acolchadas ajustables<\/li>\n<li>Detalles de PU en color de contraste Brown (excepto Black\/Black)<\/li>\n<li>Parte trasera acolchada<\/li>\n<li>Cierre por cord\u00f3n ajustable<\/li>\n<li>Compartimento acolchado para port\u00e1til, compatible hasta 17<\/li>\n<li>Cierre magn\u00e9tico en solapa<\/li>\n<li>EasyPocket\u2122 para f\u00e1cil decorado<\/li>\n<li>Etiqueta extra\u00edble para f\u00e1cil re-etiquetado<\/li>\n<li>Capacidad: 18 litros<\/li>\n<li>Tama\u00f1o: 30 x 46 x 17 cm<\/li>\n<li>Bordado m\u00e1ximo: aro plano de 15 (solapa), aro plano de 12 (bolsillo frontal)<\/li>\n<li>\u00c1rea m\u00e1xima de impresi\u00f3n: 20 x 10 cm (solapa y bolsillo frontal)<\/li>\n<\/ul>","protected":false},"excerpt":{"rendered":"<p>100% poli\u00e9ster (600D)Asa de mano, correas de hombro acolchadas ajustablesDetalles de PU en color de contraste Brown (excepto Black\/Black)Parte trasera acolchadaCierre por cord\u00f3n ajustableCompartimento<\/p>","protected":false},"featured_media":424069,"comment_status":"open","ping_status":"closed","template":"","meta":{"_acf_changed":false},"product_brand":[11668],"product_cat":[13948,13954],"product_tag":[],"class_list":{"0":"post-392891","1":"product","2":"type-product","3":"status-publish","4":"has-post-thumbnail","6":"product_brand-bag-base","7":"product_cat-accesorios","8":"product_cat-acc-bolsas-y-mochilas","9":"tm-no-options","11":"first","12":"instock","13":"taxable","14":"shipping-taxable","15":"product-type-variable"},"acf":[],"_links":{"self":[{"href":"https:\/\/grupotextil.es\/en\/wp-json\/wp\/v2\/product\/392891","targetHints":{"allow":["GET"]}}],"collection":[{"href":"https:\/\/grupotextil.es\/en\/wp-json\/wp\/v2\/product"}],"about":[{"href":"https:\/\/grupotextil.es\/en\/wp-json\/wp\/v2\/types\/product"}],"replies":[{"embeddable":true,"href":"https:\/\/grupotextil.es\/en\/wp-json\/wp\/v2\/comments?post=392891"}],"wp:featuredmedia":[{"embeddable":true,"href":"https:\/\/grupotextil.es\/en\/wp-json\/wp\/v2\/media\/424069"}],"wp:attachment":[{"href":"https:\/\/grupotextil.es\/en\/wp-json\/wp\/v2\/media?parent=392891"}],"wp:term":[{"taxonomy":"product_brand","embeddable":true,"href":"https:\/\/grupotextil.es\/en\/wp-json\/wp\/v2\/product_brand?post=392891"},{"taxonomy":"product_cat","embeddable":true,"href":"https:\/\/grupotextil.es\/en\/wp-json\/wp\/v2\/product_cat?post=392891"},{"taxonomy":"product_tag","embeddable":true,"href":"https:\/\/grupotextil.es\/en\/wp-json\/wp\/v2\/product_tag?post=392891"}],"curies":[{"name":"wp","href":"https:\/\/api.w.org\/{rel}","templated":true}]}}