{"id":392929,"date":"2026-03-08T04:47:44","date_gmt":"2026-03-08T03:47:44","guid":{"rendered":"https:\/\/grupotextil.es\/producto\/bolsa-de-compra-de-lona-asa-larga-con-pliegues\/"},"modified":"2026-03-08T04:47:44","modified_gmt":"2026-03-08T03:47:44","slug":"bolsa-de-compra-de-lona-asa-larga-con-pliegues","status":"publish","type":"product","link":"https:\/\/grupotextil.es\/en\/product\/bolsa-de-compra-de-lona-asa-larga-con-pliegues\/","title":{"rendered":"Bag de compra Canvas Long Handle con pliegues"},"content":{"rendered":"<ul>\n<li>280 g\/m\u00b2<\/li>\n<li>100% Algod\u00f3n (lona)<\/li>\n<li>Asas largas (LH): aprox. 60 cm de largo<\/li>\n<li>Costuras cruzadas en las asas para mayor refuerzo.<\/li>\n<li>Pliegue en ambos lados para una mayor capacidad<\/li>\n<li>Mosquet\u00f3n de metal en el interior (incluido) para colgar estuche, bolsa de accesorios, llavero, billetera, etc. (Se vende por separado).<\/li>\n<li>Lavar a mano con agua tibia solamente<\/li>\n<li>Medidas en cm: L: 42x32x12, XL: 49x39x12<\/li>\n<li>\u00c1rea m\u00e1xima de impresi\u00f3n en cm: M: 37&#215;27, XL: 44&#215;34<\/li>\n<li>Apto para bordado, DTG, serigraf\u00eda y transfer (bolsa planchada)<\/li>\n<\/ul>","protected":false},"excerpt":{"rendered":"<p>280 g\/m\u00b2100% Algod\u00f3n (lona)Asas largas (LH): aprox. 60 cm de largoCosturas cruzadas en las asas para mayor refuerzo.<\/p>","protected":false},"featured_media":424138,"comment_status":"open","ping_status":"closed","template":"","meta":{"_acf_changed":false},"product_brand":[11681],"product_cat":[13948,13954],"product_tag":[],"class_list":{"0":"post-392929","1":"product","2":"type-product","3":"status-publish","4":"has-post-thumbnail","6":"product_brand-sg-accessories-bags","7":"product_cat-accesorios","8":"product_cat-acc-bolsas-y-mochilas","9":"tm-no-options","11":"first","12":"instock","13":"taxable","14":"shipping-taxable","15":"product-type-variable"},"acf":[],"_links":{"self":[{"href":"https:\/\/grupotextil.es\/en\/wp-json\/wp\/v2\/product\/392929","targetHints":{"allow":["GET"]}}],"collection":[{"href":"https:\/\/grupotextil.es\/en\/wp-json\/wp\/v2\/product"}],"about":[{"href":"https:\/\/grupotextil.es\/en\/wp-json\/wp\/v2\/types\/product"}],"replies":[{"embeddable":true,"href":"https:\/\/grupotextil.es\/en\/wp-json\/wp\/v2\/comments?post=392929"}],"wp:featuredmedia":[{"embeddable":true,"href":"https:\/\/grupotextil.es\/en\/wp-json\/wp\/v2\/media\/424138"}],"wp:attachment":[{"href":"https:\/\/grupotextil.es\/en\/wp-json\/wp\/v2\/media?parent=392929"}],"wp:term":[{"taxonomy":"product_brand","embeddable":true,"href":"https:\/\/grupotextil.es\/en\/wp-json\/wp\/v2\/product_brand?post=392929"},{"taxonomy":"product_cat","embeddable":true,"href":"https:\/\/grupotextil.es\/en\/wp-json\/wp\/v2\/product_cat?post=392929"},{"taxonomy":"product_tag","embeddable":true,"href":"https:\/\/grupotextil.es\/en\/wp-json\/wp\/v2\/product_tag?post=392929"}],"curies":[{"name":"wp","href":"https:\/\/api.w.org\/{rel}","templated":true}]}}