{"id":393026,"date":"2026-03-08T04:48:00","date_gmt":"2026-03-08T03:48:00","guid":{"rendered":"https:\/\/grupotextil.es\/producto\/bolsa-shopper-algodon-organico-de-red\/"},"modified":"2026-03-08T04:48:00","modified_gmt":"2026-03-08T03:48:00","slug":"bolsa-shopper-algodon-organico-de-red","status":"publish","type":"product","link":"https:\/\/grupotextil.es\/en\/product\/bolsa-shopper-algodon-organico-de-red\/","title":{"rendered":"Bag shopper algod\u00f3n org\u00e1nico de red"},"content":{"rendered":"<ul>\n<li>100% algod\u00f3n org\u00e1nico<\/li>\n<li>Panel de algod\u00f3n para la decoraci\u00f3n<\/li>\n<li>Asas largas (longitud: 61 cm)<\/li>\n<li>Se puede llevar a mano o al hombro<\/li>\n<li>Soporta hasta 6 kg<\/li>\n<li>Capacidad: 10 litros<\/li>\n<li>Medidas: 38 x 41 cm<\/li>\n<li>Max. bordado: 12 cm aros tubulares<\/li>\n<li>Max. \u00c1rea de impresi\u00f3n: 16 x 5 cm<\/li>\n<\/ul>","protected":false},"excerpt":{"rendered":"<p>100% algod\u00f3n org\u00e1nicoPanel de algod\u00f3n para la decoraci\u00f3nAsas largas (longitud: 61 cm)Se puede llevar a mano o al hombroSoporta hasta 6 kgCapacidad: 10 litrosMedidas: 38 x 41 cmMax. bordado: 12 cm a&#8230;<\/p>","protected":false},"featured_media":424269,"comment_status":"open","ping_status":"closed","template":"","meta":{"_acf_changed":false},"product_brand":[11680],"product_cat":[13948,13954],"product_tag":[],"class_list":{"0":"post-393026","1":"product","2":"type-product","3":"status-publish","4":"has-post-thumbnail","6":"product_brand-westford-mill","7":"product_cat-accesorios","8":"product_cat-acc-bolsas-y-mochilas","9":"tm-no-options","11":"first","12":"instock","13":"taxable","14":"shipping-taxable","15":"product-type-variable"},"acf":[],"_links":{"self":[{"href":"https:\/\/grupotextil.es\/en\/wp-json\/wp\/v2\/product\/393026","targetHints":{"allow":["GET"]}}],"collection":[{"href":"https:\/\/grupotextil.es\/en\/wp-json\/wp\/v2\/product"}],"about":[{"href":"https:\/\/grupotextil.es\/en\/wp-json\/wp\/v2\/types\/product"}],"replies":[{"embeddable":true,"href":"https:\/\/grupotextil.es\/en\/wp-json\/wp\/v2\/comments?post=393026"}],"wp:featuredmedia":[{"embeddable":true,"href":"https:\/\/grupotextil.es\/en\/wp-json\/wp\/v2\/media\/424269"}],"wp:attachment":[{"href":"https:\/\/grupotextil.es\/en\/wp-json\/wp\/v2\/media?parent=393026"}],"wp:term":[{"taxonomy":"product_brand","embeddable":true,"href":"https:\/\/grupotextil.es\/en\/wp-json\/wp\/v2\/product_brand?post=393026"},{"taxonomy":"product_cat","embeddable":true,"href":"https:\/\/grupotextil.es\/en\/wp-json\/wp\/v2\/product_cat?post=393026"},{"taxonomy":"product_tag","embeddable":true,"href":"https:\/\/grupotextil.es\/en\/wp-json\/wp\/v2\/product_tag?post=393026"}],"curies":[{"name":"wp","href":"https:\/\/api.w.org\/{rel}","templated":true}]}}