{"id":393063,"date":"2026-03-08T04:48:03","date_gmt":"2026-03-08T03:48:03","guid":{"rendered":"https:\/\/grupotextil.es\/producto\/gorra-melton\/"},"modified":"2026-03-08T04:48:03","modified_gmt":"2026-03-08T03:48:03","slug":"gorra-melton","status":"publish","type":"product","link":"https:\/\/grupotextil.es\/en\/product\/gorra-melton\/","title":{"rendered":"Cap Melton"},"content":{"rendered":"<ul>\n<li>60% Lana, 20% Poliacr\u00edlico, 20% Nailon<\/li>\n<li>Tejido de lana de primera calidad<\/li>\n<li>bucar\u00e1n duro<\/li>\n<li>6 paneles<\/li>\n<li>Visera plana con 7 filas de pespuntes<\/li>\n<li>Visera inferior a juego<\/li>\n<li>Tira de s\u00edmil piel con hebilla de lat\u00f3n met\u00e1lico.<\/li>\n<\/ul>","protected":false},"excerpt":{"rendered":"<p>60% Lana, 20% Poliacr\u00edlico, 20% NailonTejido de lana de primera calidadbucar\u00e1n duro6 panelesVisera plana con 7 filas de pespuntesVisera inferior a juegoTira de s\u00edmil piel con hebilla de lat\u00f3n met\u00e1l&#8230;<\/p>","protected":false},"featured_media":424297,"comment_status":"open","ping_status":"closed","template":"","meta":{"_acf_changed":false},"product_brand":[11678],"product_cat":[13948,13954],"product_tag":[],"class_list":{"0":"post-393063","1":"product","2":"type-product","3":"status-publish","4":"has-post-thumbnail","6":"product_brand-flexfit","7":"product_cat-accesorios","8":"product_cat-acc-bolsas-y-mochilas","9":"tm-no-options","11":"first","12":"instock","13":"taxable","14":"shipping-taxable","15":"product-type-variable"},"acf":[],"_links":{"self":[{"href":"https:\/\/grupotextil.es\/en\/wp-json\/wp\/v2\/product\/393063","targetHints":{"allow":["GET"]}}],"collection":[{"href":"https:\/\/grupotextil.es\/en\/wp-json\/wp\/v2\/product"}],"about":[{"href":"https:\/\/grupotextil.es\/en\/wp-json\/wp\/v2\/types\/product"}],"replies":[{"embeddable":true,"href":"https:\/\/grupotextil.es\/en\/wp-json\/wp\/v2\/comments?post=393063"}],"wp:featuredmedia":[{"embeddable":true,"href":"https:\/\/grupotextil.es\/en\/wp-json\/wp\/v2\/media\/424297"}],"wp:attachment":[{"href":"https:\/\/grupotextil.es\/en\/wp-json\/wp\/v2\/media?parent=393063"}],"wp:term":[{"taxonomy":"product_brand","embeddable":true,"href":"https:\/\/grupotextil.es\/en\/wp-json\/wp\/v2\/product_brand?post=393063"},{"taxonomy":"product_cat","embeddable":true,"href":"https:\/\/grupotextil.es\/en\/wp-json\/wp\/v2\/product_cat?post=393063"},{"taxonomy":"product_tag","embeddable":true,"href":"https:\/\/grupotextil.es\/en\/wp-json\/wp\/v2\/product_tag?post=393063"}],"curies":[{"name":"wp","href":"https:\/\/api.w.org\/{rel}","templated":true}]}}