{"id":393398,"date":"2026-03-08T04:50:53","date_gmt":"2026-03-08T03:50:53","guid":{"rendered":"https:\/\/grupotextil.es\/producto\/bolsa-con-trolley-paris\/"},"modified":"2026-03-08T04:50:53","modified_gmt":"2026-03-08T03:50:53","slug":"bolsa-con-trolley-paris","status":"publish","type":"product","link":"https:\/\/grupotextil.es\/en\/product\/bolsa-con-trolley-paris\/","title":{"rendered":"Bag con trolley Paris"},"content":{"rendered":"<ul>\n<li>100% Poli\u00e9ster (600D\/1680D)<\/li>\n<li>Mango reforzado<\/li>\n<li>Mango adicional acolchado encima<\/li>\n<li>Compartimento principal grande con cremallera<\/li>\n<li>Bolsillo interior de rejilla<\/li>\n<li>Bolsillos laterales con cremallera<\/li>\n<li>Bolsillo con cremallera en un extremo<\/li>\n<li>Correas de compresi\u00f3n en ambos lados<\/li>\n<li>Capacidad: 78 litros<\/li>\n<li>Medidas: 70 x 31 x 36 cm<\/li>\n<li>Apropiado para serigraf\u00eda y impresi\u00f3n por transfer<\/li>\n<li>M\u00e1xima \u00e1rea de impresi\u00f3n: 20 x 10 cm<\/li>\n<\/ul>","protected":false},"excerpt":{"rendered":"<p>100% Poli\u00e9ster (600D\/1680D)Mango reforzadoMango adicional acolchado encimaCompartimento principal grande con cremalleraBolsillo interior de rejillaBolsillos laterales con cremalleraBolsillo con cremal<\/p>","protected":false},"featured_media":424621,"comment_status":"open","ping_status":"closed","template":"","meta":{"_acf_changed":false},"product_brand":[11660],"product_cat":[13948,13954],"product_tag":[14009],"class_list":{"0":"post-393398","1":"product","2":"type-product","3":"status-publish","4":"has-post-thumbnail","6":"product_brand-shugon","7":"product_cat-accesorios","8":"product_cat-acc-bolsas-y-mochilas","9":"product_tag-top-ventas","10":"tm-no-options","12":"first","13":"instock","14":"taxable","15":"shipping-taxable","16":"product-type-variable"},"acf":[],"_links":{"self":[{"href":"https:\/\/grupotextil.es\/en\/wp-json\/wp\/v2\/product\/393398","targetHints":{"allow":["GET"]}}],"collection":[{"href":"https:\/\/grupotextil.es\/en\/wp-json\/wp\/v2\/product"}],"about":[{"href":"https:\/\/grupotextil.es\/en\/wp-json\/wp\/v2\/types\/product"}],"replies":[{"embeddable":true,"href":"https:\/\/grupotextil.es\/en\/wp-json\/wp\/v2\/comments?post=393398"}],"wp:featuredmedia":[{"embeddable":true,"href":"https:\/\/grupotextil.es\/en\/wp-json\/wp\/v2\/media\/424621"}],"wp:attachment":[{"href":"https:\/\/grupotextil.es\/en\/wp-json\/wp\/v2\/media?parent=393398"}],"wp:term":[{"taxonomy":"product_brand","embeddable":true,"href":"https:\/\/grupotextil.es\/en\/wp-json\/wp\/v2\/product_brand?post=393398"},{"taxonomy":"product_cat","embeddable":true,"href":"https:\/\/grupotextil.es\/en\/wp-json\/wp\/v2\/product_cat?post=393398"},{"taxonomy":"product_tag","embeddable":true,"href":"https:\/\/grupotextil.es\/en\/wp-json\/wp\/v2\/product_tag?post=393398"}],"curies":[{"name":"wp","href":"https:\/\/api.w.org\/{rel}","templated":true}]}}