{"id":393539,"date":"2026-03-08T04:51:01","date_gmt":"2026-03-08T03:51:01","guid":{"rendered":"https:\/\/grupotextil.es\/producto\/blusa-oxford-manga-larga-mujer\/"},"modified":"2026-03-08T04:51:01","modified_gmt":"2026-03-08T03:51:01","slug":"blusa-oxford-manga-larga-mujer","status":"publish","type":"product","link":"https:\/\/grupotextil.es\/en\/product\/blusa-oxford-manga-larga-mujer\/","title":{"rendered":"Blusa Oxford manga larga mujer"},"content":{"rendered":"<ul>\n<li>135 g\/m\u00b2 (White: 130 g\/m\u00b2)<\/li>\n<li>70% algod\u00f3n, 30% poli\u00e9ster<\/li>\n<li>Camisa de manga larga<\/li>\n<li>2 botones estandar con cuello de camisa cl\u00e1sico<\/li>\n<li>Pu\u00f1os redondeados ajustables con 2 botones<\/li>\n<li>Pinzas en el pecho y la espalda para un corte feminino<\/li>\n<li>Dobladillo redondeado<\/li>\n<li>Botones de repuesto<\/li>\n<li>F\u00e1cil cuidado<\/li>\n<\/ul>","protected":false},"excerpt":{"rendered":"<p>135 g\/m\u00b2 (White: 130 g\/m\u00b2)70% algod\u00f3n, 30% poli\u00e9sterCamisa de manga larga2 botones estandar con cuello de camisa cl\u00e1sicoPu\u00f1os redondeados ajustables con 2 botonesPinzas en el pecho y la espalda para u<\/p>","protected":false},"featured_media":424676,"comment_status":"open","ping_status":"closed","template":"","meta":{"_acf_changed":false},"product_brand":[11670],"product_cat":[13938],"product_tag":[14009],"class_list":{"0":"post-393539","1":"product","2":"type-product","3":"status-publish","4":"has-post-thumbnail","6":"product_brand-russell-europe","7":"product_cat-camisas-corporativas","8":"product_tag-top-ventas","9":"tm-no-options","11":"first","12":"instock","13":"taxable","14":"shipping-taxable","15":"product-type-variable"},"acf":[],"_links":{"self":[{"href":"https:\/\/grupotextil.es\/en\/wp-json\/wp\/v2\/product\/393539","targetHints":{"allow":["GET"]}}],"collection":[{"href":"https:\/\/grupotextil.es\/en\/wp-json\/wp\/v2\/product"}],"about":[{"href":"https:\/\/grupotextil.es\/en\/wp-json\/wp\/v2\/types\/product"}],"replies":[{"embeddable":true,"href":"https:\/\/grupotextil.es\/en\/wp-json\/wp\/v2\/comments?post=393539"}],"wp:featuredmedia":[{"embeddable":true,"href":"https:\/\/grupotextil.es\/en\/wp-json\/wp\/v2\/media\/424676"}],"wp:attachment":[{"href":"https:\/\/grupotextil.es\/en\/wp-json\/wp\/v2\/media?parent=393539"}],"wp:term":[{"taxonomy":"product_brand","embeddable":true,"href":"https:\/\/grupotextil.es\/en\/wp-json\/wp\/v2\/product_brand?post=393539"},{"taxonomy":"product_cat","embeddable":true,"href":"https:\/\/grupotextil.es\/en\/wp-json\/wp\/v2\/product_cat?post=393539"},{"taxonomy":"product_tag","embeddable":true,"href":"https:\/\/grupotextil.es\/en\/wp-json\/wp\/v2\/product_tag?post=393539"}],"curies":[{"name":"wp","href":"https:\/\/api.w.org\/{rel}","templated":true}]}}