{"id":393718,"date":"2026-03-08T04:51:11","date_gmt":"2026-03-08T03:51:11","guid":{"rendered":"https:\/\/grupotextil.es\/producto\/camisa-perfect-oxford-mujer\/"},"modified":"2026-03-08T04:51:11","modified_gmt":"2026-03-08T03:51:11","slug":"camisa-perfect-oxford-mujer","status":"publish","type":"product","link":"https:\/\/grupotextil.es\/en\/product\/camisa-perfect-oxford-mujer\/","title":{"rendered":"Shirt Perfect Oxford mujer"},"content":{"rendered":"<ul>\n<li>166 g\/m\u00b2<\/li>\n<li>96% algod\u00f3n, 4% elastano<\/li>\n<li>Te\u00f1ida y lavada<\/li>\n<li>Cuello con botones<\/li>\n<li>Cuello y pu\u00f1os de doble pliegue<\/li>\n<li>Canes\u00fa en espalda con pliegue cuadrado<\/li>\n<li>Lazo interior para colgar<\/li>\n<li>Dobladillo curvado<\/li>\n<li>Corte ajustado.<\/li>\n<\/ul>","protected":false},"excerpt":{"rendered":"<p>166 g\/m\u00b296% algod\u00f3n, 4% elastanoTe\u00f1ida y lavadaCuello con botonesCuello y pu\u00f1os de doble pliegueCanes\u00fa en espalda con pliegue cuadradoLazo interior para colgarDobladillo curvadoCorte ajustado.<\/p>","protected":false},"featured_media":424733,"comment_status":"open","ping_status":"closed","template":"","meta":{"_acf_changed":false},"product_brand":[11671],"product_cat":[13938],"product_tag":[14009],"class_list":{"0":"post-393718","1":"product","2":"type-product","3":"status-publish","4":"has-post-thumbnail","6":"product_brand-tee-jays","7":"product_cat-camisas-corporativas","8":"product_tag-top-ventas","9":"tm-no-options","11":"first","12":"instock","13":"taxable","14":"shipping-taxable","15":"product-type-variable"},"acf":[],"_links":{"self":[{"href":"https:\/\/grupotextil.es\/en\/wp-json\/wp\/v2\/product\/393718","targetHints":{"allow":["GET"]}}],"collection":[{"href":"https:\/\/grupotextil.es\/en\/wp-json\/wp\/v2\/product"}],"about":[{"href":"https:\/\/grupotextil.es\/en\/wp-json\/wp\/v2\/types\/product"}],"replies":[{"embeddable":true,"href":"https:\/\/grupotextil.es\/en\/wp-json\/wp\/v2\/comments?post=393718"}],"wp:featuredmedia":[{"embeddable":true,"href":"https:\/\/grupotextil.es\/en\/wp-json\/wp\/v2\/media\/424733"}],"wp:attachment":[{"href":"https:\/\/grupotextil.es\/en\/wp-json\/wp\/v2\/media?parent=393718"}],"wp:term":[{"taxonomy":"product_brand","embeddable":true,"href":"https:\/\/grupotextil.es\/en\/wp-json\/wp\/v2\/product_brand?post=393718"},{"taxonomy":"product_cat","embeddable":true,"href":"https:\/\/grupotextil.es\/en\/wp-json\/wp\/v2\/product_cat?post=393718"},{"taxonomy":"product_tag","embeddable":true,"href":"https:\/\/grupotextil.es\/en\/wp-json\/wp\/v2\/product_tag?post=393718"}],"curies":[{"name":"wp","href":"https:\/\/api.w.org\/{rel}","templated":true}]}}