{"id":393845,"date":"2026-03-08T04:51:19","date_gmt":"2026-03-08T03:51:19","guid":{"rendered":"https:\/\/grupotextil.es\/producto\/camisa-business-slim-fit-1-1-business-kent\/"},"modified":"2026-03-08T04:51:19","modified_gmt":"2026-03-08T03:51:19","slug":"camisa-business-slim-fit-1-1-business-kent","status":"publish","type":"product","link":"https:\/\/grupotextil.es\/en\/product\/camisa-business-slim-fit-1-1-business-kent\/","title":{"rendered":"Camisa Business slim fit 1\/1 Business Kent"},"content":{"rendered":"<ul>\n<li>120 g\/m\u00b2<\/li>\n<li>100% algod\u00f3n<\/li>\n<li>Cuello ingl\u00e9s<\/li>\n<li>No necesita plancha<\/li>\n<li>Costuras dobles<\/li>\n<li>Pu\u00f1os ajustables con doble bot\u00f3n<\/li>\n<li>Pinzas en la parte trasera<\/li>\n<li>Ajustada<\/li>\n<li>Lavable hasta 40 \u00b0C.<\/li>\n<li>.<\/li>\n<\/ul>","protected":false},"excerpt":{"rendered":"<p>120 g\/m\u00b2100% algod\u00f3nCuello ingl\u00e9sNo necesita planchaCosturas doblesPu\u00f1os ajustables con doble bot\u00f3nPinzas en la parte traseraAjustadaLavable hasta 40 \u00b0C.<\/p>","protected":false},"featured_media":424790,"comment_status":"open","ping_status":"closed","template":"","meta":{"_acf_changed":false},"product_brand":[11682],"product_cat":[13938],"product_tag":[],"class_list":{"0":"post-393845","1":"product","2":"type-product","3":"status-publish","4":"has-post-thumbnail","6":"product_brand-seidensticker","7":"product_cat-camisas-corporativas","8":"tm-no-options","10":"first","11":"instock","12":"taxable","13":"shipping-taxable","14":"product-type-variable"},"acf":[],"_links":{"self":[{"href":"https:\/\/grupotextil.es\/en\/wp-json\/wp\/v2\/product\/393845","targetHints":{"allow":["GET"]}}],"collection":[{"href":"https:\/\/grupotextil.es\/en\/wp-json\/wp\/v2\/product"}],"about":[{"href":"https:\/\/grupotextil.es\/en\/wp-json\/wp\/v2\/types\/product"}],"replies":[{"embeddable":true,"href":"https:\/\/grupotextil.es\/en\/wp-json\/wp\/v2\/comments?post=393845"}],"wp:featuredmedia":[{"embeddable":true,"href":"https:\/\/grupotextil.es\/en\/wp-json\/wp\/v2\/media\/424790"}],"wp:attachment":[{"href":"https:\/\/grupotextil.es\/en\/wp-json\/wp\/v2\/media?parent=393845"}],"wp:term":[{"taxonomy":"product_brand","embeddable":true,"href":"https:\/\/grupotextil.es\/en\/wp-json\/wp\/v2\/product_brand?post=393845"},{"taxonomy":"product_cat","embeddable":true,"href":"https:\/\/grupotextil.es\/en\/wp-json\/wp\/v2\/product_cat?post=393845"},{"taxonomy":"product_tag","embeddable":true,"href":"https:\/\/grupotextil.es\/en\/wp-json\/wp\/v2\/product_tag?post=393845"}],"curies":[{"name":"wp","href":"https:\/\/api.w.org\/{rel}","templated":true}]}}