{"id":394129,"date":"2026-03-08T04:51:42","date_gmt":"2026-03-08T03:51:42","guid":{"rendered":"https:\/\/grupotextil.es\/producto\/camisa-popelina-stretch-black-tie-lsl-women\/"},"modified":"2026-03-08T04:51:42","modified_gmt":"2026-03-08T03:51:42","slug":"camisa-popelina-stretch-black-tie-lsl-women","status":"publish","type":"product","link":"https:\/\/grupotextil.es\/en\/product\/camisa-popelina-stretch-black-tie-lsl-women\/","title":{"rendered":"Camisa Popelina Stretch Black Tie LSLWomen"},"content":{"rendered":"<ul>\n<li>135 g\/m\u00b2<\/li>\n<li>97% Algod\u00f3n, 3% Elast\u00e1n<\/li>\n<li>Cuello femenino suave<\/li>\n<li>Pinzas en el busto, panel frontal y panel posterior para un corte ajustado contempor\u00e1neo<\/li>\n<li>Botones con efecto n\u00e1car y puntada cruzada<\/li>\n<li>\u00daltimo ojal en horizontal<\/li>\n<li>Pu\u00f1os de corte en \u00e1ngulo, ajustables con dos botones y ojal adicional para gemelos<\/li>\n<li>Dobladillo redondeado moderno<\/li>\n<li>1 bot\u00f3n de repuesto<\/li>\n<li>Tejido de popelina stretch de gran suavidad<\/li>\n<\/ul>","protected":false},"excerpt":{"rendered":"<p>135 g\/m\u00b297% Algod\u00f3n, 3% Elast\u00e1nCuello femenino suavePinzas en el busto, panel frontal y panel posterior para un corte ajustado contempor\u00e1neoBotones con efecto n\u00e1car y puntada cruzada\u00daltimo ojal en hor<\/p>","protected":false},"featured_media":424867,"comment_status":"open","ping_status":"closed","template":"","meta":{"_acf_changed":false},"product_brand":[11653],"product_cat":[13938],"product_tag":[],"class_list":{"0":"post-394129","1":"product","2":"type-product","3":"status-publish","4":"has-post-thumbnail","6":"product_brand-b-c","7":"product_cat-camisas-corporativas","8":"tm-no-options","10":"first","11":"instock","12":"taxable","13":"shipping-taxable","14":"product-type-variable"},"acf":[],"_links":{"self":[{"href":"https:\/\/grupotextil.es\/en\/wp-json\/wp\/v2\/product\/394129","targetHints":{"allow":["GET"]}}],"collection":[{"href":"https:\/\/grupotextil.es\/en\/wp-json\/wp\/v2\/product"}],"about":[{"href":"https:\/\/grupotextil.es\/en\/wp-json\/wp\/v2\/types\/product"}],"replies":[{"embeddable":true,"href":"https:\/\/grupotextil.es\/en\/wp-json\/wp\/v2\/comments?post=394129"}],"wp:featuredmedia":[{"embeddable":true,"href":"https:\/\/grupotextil.es\/en\/wp-json\/wp\/v2\/media\/424867"}],"wp:attachment":[{"href":"https:\/\/grupotextil.es\/en\/wp-json\/wp\/v2\/media?parent=394129"}],"wp:term":[{"taxonomy":"product_brand","embeddable":true,"href":"https:\/\/grupotextil.es\/en\/wp-json\/wp\/v2\/product_brand?post=394129"},{"taxonomy":"product_cat","embeddable":true,"href":"https:\/\/grupotextil.es\/en\/wp-json\/wp\/v2\/product_cat?post=394129"},{"taxonomy":"product_tag","embeddable":true,"href":"https:\/\/grupotextil.es\/en\/wp-json\/wp\/v2\/product_tag?post=394129"}],"curies":[{"name":"wp","href":"https:\/\/api.w.org\/{rel}","templated":true}]}}