{"id":394391,"date":"2026-03-08T04:55:31","date_gmt":"2026-03-08T03:55:31","guid":{"rendered":"https:\/\/grupotextil.es\/producto\/camisa-popelina-smart-lsl-women\/"},"modified":"2026-03-08T04:55:31","modified_gmt":"2026-03-08T03:55:31","slug":"camisa-popelina-smart-lsl-women","status":"publish","type":"product","link":"https:\/\/grupotextil.es\/en\/product\/camisa-popelina-smart-lsl-women\/","title":{"rendered":"Camisa popelina Smart LSLWomen"},"content":{"rendered":"<ul>\n<li>115 g\/m\u00b2<\/li>\n<li>65% poli\u00e9ster, 35% algod\u00f3n peinado<\/li>\n<li>Cuello femenino suave<\/li>\n<li>Pinzas en busto, panel frontal y panel posterior para un corte ajustado<\/li>\n<li>Botones efecto n\u00e1car y puntada cruzada<\/li>\n<li>Punos de corte en \u00e1ngulo ajustable con 2 botones con ojal adicional para gemelos<\/li>\n<li>\u00daltimo ojal en horizontal<\/li>\n<li>Dobladillo redondeado moderno<\/li>\n<li>1 bot\u00f3n de repuesto<\/li>\n<li>Tejido de popelina Easy Care combinado de Poli\u00e9ster\/Algod\u00f3n que ofrece comodidad y durabilidad<\/li>\n<\/ul>","protected":false},"excerpt":{"rendered":"<p>115 g\/m\u00b265% poli\u00e9ster, 35% algod\u00f3n peinadoCuello femenino suavePinzas en busto, panel frontal y panel posterior para un corte ajustadoBotones efecto n\u00e1car y puntada cruzadaPunos de corte en \u00e1ngulo aju<\/p>","protected":false},"featured_media":424925,"comment_status":"open","ping_status":"closed","template":"","meta":{"_acf_changed":false},"product_brand":[11653],"product_cat":[13938],"product_tag":[],"class_list":{"0":"post-394391","1":"product","2":"type-product","3":"status-publish","4":"has-post-thumbnail","6":"product_brand-b-c","7":"product_cat-camisas-corporativas","8":"tm-no-options","10":"first","11":"instock","12":"taxable","13":"shipping-taxable","14":"product-type-variable"},"acf":[],"_links":{"self":[{"href":"https:\/\/grupotextil.es\/en\/wp-json\/wp\/v2\/product\/394391","targetHints":{"allow":["GET"]}}],"collection":[{"href":"https:\/\/grupotextil.es\/en\/wp-json\/wp\/v2\/product"}],"about":[{"href":"https:\/\/grupotextil.es\/en\/wp-json\/wp\/v2\/types\/product"}],"replies":[{"embeddable":true,"href":"https:\/\/grupotextil.es\/en\/wp-json\/wp\/v2\/comments?post=394391"}],"wp:featuredmedia":[{"embeddable":true,"href":"https:\/\/grupotextil.es\/en\/wp-json\/wp\/v2\/media\/424925"}],"wp:attachment":[{"href":"https:\/\/grupotextil.es\/en\/wp-json\/wp\/v2\/media?parent=394391"}],"wp:term":[{"taxonomy":"product_brand","embeddable":true,"href":"https:\/\/grupotextil.es\/en\/wp-json\/wp\/v2\/product_brand?post=394391"},{"taxonomy":"product_cat","embeddable":true,"href":"https:\/\/grupotextil.es\/en\/wp-json\/wp\/v2\/product_cat?post=394391"},{"taxonomy":"product_tag","embeddable":true,"href":"https:\/\/grupotextil.es\/en\/wp-json\/wp\/v2\/product_tag?post=394391"}],"curies":[{"name":"wp","href":"https:\/\/api.w.org\/{rel}","templated":true}]}}