{"id":394487,"date":"2026-03-08T04:56:12","date_gmt":"2026-03-08T03:56:12","guid":{"rendered":"https:\/\/grupotextil.es\/producto\/camisa-manga-arremangada-con-bolsillos-hombre\/"},"modified":"2026-03-08T04:56:12","modified_gmt":"2026-03-08T03:56:12","slug":"camisa-manga-arremangada-con-bolsillos-hombre","status":"publish","type":"product","link":"https:\/\/grupotextil.es\/en\/product\/camisa-manga-arremangada-con-bolsillos-hombre\/","title":{"rendered":"Shirt manga arremangada con bolsillos hombre"},"content":{"rendered":"<ul>\n<li>130 g\/m\u00b2<\/li>\n<li>100% algod\u00f3n sarga<\/li>\n<li>Manga larga<\/li>\n<li>Cuello cl\u00e1sico con botones<\/li>\n<li>Cinta de cuello en espiguilla<\/li>\n<li>Canes\u00fa en hombro<\/li>\n<li>Botones a juego<\/li>\n<li>2 bolsillos con bot\u00f3n en el pecho<\/li>\n<li>Las mangas se pueden arremangar y fijar con tira y bot\u00f3n<\/li>\n<li>Pu\u00f1os ajustables, bot\u00f3n adicional en el borde<\/li>\n<li>Costura lateral reforzada<\/li>\n<li>Estilo ajustado<\/li>\n<li>Dobladillo redondeado, parte posterior ligeramente m\u00e1s larga<\/li>\n<li>Botones de repuesto<\/li>\n<\/ul>","protected":false},"excerpt":{"rendered":"<p>130 g\/m\u00b2100% algod\u00f3n sargaManga largaCuello cl\u00e1sico con botonesCinta de cuello en espiguillaCanes\u00fa en hombroBotones a juego2 bolsillos con bot\u00f3n en el pechoLas mangas se pueden arremangar y fijar con<\/p>","protected":false},"featured_media":424954,"comment_status":"open","ping_status":"closed","template":"","meta":{"_acf_changed":false},"product_brand":[11670],"product_cat":[13938],"product_tag":[],"class_list":{"0":"post-394487","1":"product","2":"type-product","3":"status-publish","4":"has-post-thumbnail","6":"product_brand-russell-europe","7":"product_cat-camisas-corporativas","8":"tm-no-options","10":"first","11":"instock","12":"taxable","13":"shipping-taxable","14":"product-type-variable"},"acf":[],"_links":{"self":[{"href":"https:\/\/grupotextil.es\/en\/wp-json\/wp\/v2\/product\/394487","targetHints":{"allow":["GET"]}}],"collection":[{"href":"https:\/\/grupotextil.es\/en\/wp-json\/wp\/v2\/product"}],"about":[{"href":"https:\/\/grupotextil.es\/en\/wp-json\/wp\/v2\/types\/product"}],"replies":[{"embeddable":true,"href":"https:\/\/grupotextil.es\/en\/wp-json\/wp\/v2\/comments?post=394487"}],"wp:featuredmedia":[{"embeddable":true,"href":"https:\/\/grupotextil.es\/en\/wp-json\/wp\/v2\/media\/424954"}],"wp:attachment":[{"href":"https:\/\/grupotextil.es\/en\/wp-json\/wp\/v2\/media?parent=394487"}],"wp:term":[{"taxonomy":"product_brand","embeddable":true,"href":"https:\/\/grupotextil.es\/en\/wp-json\/wp\/v2\/product_brand?post=394487"},{"taxonomy":"product_cat","embeddable":true,"href":"https:\/\/grupotextil.es\/en\/wp-json\/wp\/v2\/product_cat?post=394487"},{"taxonomy":"product_tag","embeddable":true,"href":"https:\/\/grupotextil.es\/en\/wp-json\/wp\/v2\/product_tag?post=394487"}],"curies":[{"name":"wp","href":"https:\/\/api.w.org\/{rel}","templated":true}]}}