{"id":394602,"date":"2026-03-08T04:57:45","date_gmt":"2026-03-08T03:57:45","guid":{"rendered":"https:\/\/grupotextil.es\/producto\/camisa-oxford-lsl-men-shirt\/"},"modified":"2026-03-08T04:57:45","modified_gmt":"2026-03-08T03:57:45","slug":"camisa-oxford-lsl-men-shirt","status":"publish","type":"product","link":"https:\/\/grupotextil.es\/en\/product\/camisa-oxford-lsl-men-shirt\/","title":{"rendered":"Camisa Oxford LSLMen Camisa"},"content":{"rendered":"<ul>\n<li>135 g\/m\u00b2<\/li>\n<li>70% algod\u00f3n, 30% poli\u00e9ster<\/li>\n<li>Bot\u00f3n para sujetar el cuello a la camisa<\/li>\n<li>Fijador de corbata<\/li>\n<li>Bolsillo recto en el pecho izquierdo<\/li>\n<li>Pu\u00f1os reodndeados ajustables con 2 botones y con opci\u00f3n para gemelos<\/li>\n<li>Canes\u00fa trasero con 2 pliegues y puntada vista<\/li>\n<li>Botones con efecto n\u00e1car del mismo color con punto en cruz (excepto Oxford Blue que tiene botones blancos)<\/li>\n<li>\u00daltimo ojal en horizontal<\/li>\n<li>Dobladillo redondeado con refuerzos laterales<\/li>\n<li>2 botones de repuesto<\/li>\n<li>Tejido Oxford de alta calidad con acabado Easy Care<\/li>\n<\/ul>","protected":false},"excerpt":{"rendered":"<p>135 g\/m\u00b270% algod\u00f3n, 30% poli\u00e9sterBot\u00f3n para sujetar el cuello a la camisaFijador de corbataBolsillo recto en el pecho izquierdoPu\u00f1os reodndeados ajustables con 2 botones y con opci\u00f3n para gemelosCane<\/p>","protected":false},"featured_media":425004,"comment_status":"open","ping_status":"closed","template":"","meta":{"_acf_changed":false},"product_brand":[11653],"product_cat":[13938],"product_tag":[],"class_list":{"0":"post-394602","1":"product","2":"type-product","3":"status-publish","4":"has-post-thumbnail","6":"product_brand-b-c","7":"product_cat-camisas-corporativas","8":"tm-no-options","10":"first","11":"instock","12":"taxable","13":"shipping-taxable","14":"product-type-variable"},"acf":[],"_links":{"self":[{"href":"https:\/\/grupotextil.es\/en\/wp-json\/wp\/v2\/product\/394602","targetHints":{"allow":["GET"]}}],"collection":[{"href":"https:\/\/grupotextil.es\/en\/wp-json\/wp\/v2\/product"}],"about":[{"href":"https:\/\/grupotextil.es\/en\/wp-json\/wp\/v2\/types\/product"}],"replies":[{"embeddable":true,"href":"https:\/\/grupotextil.es\/en\/wp-json\/wp\/v2\/comments?post=394602"}],"wp:featuredmedia":[{"embeddable":true,"href":"https:\/\/grupotextil.es\/en\/wp-json\/wp\/v2\/media\/425004"}],"wp:attachment":[{"href":"https:\/\/grupotextil.es\/en\/wp-json\/wp\/v2\/media?parent=394602"}],"wp:term":[{"taxonomy":"product_brand","embeddable":true,"href":"https:\/\/grupotextil.es\/en\/wp-json\/wp\/v2\/product_brand?post=394602"},{"taxonomy":"product_cat","embeddable":true,"href":"https:\/\/grupotextil.es\/en\/wp-json\/wp\/v2\/product_cat?post=394602"},{"taxonomy":"product_tag","embeddable":true,"href":"https:\/\/grupotextil.es\/en\/wp-json\/wp\/v2\/product_tag?post=394602"}],"curies":[{"name":"wp","href":"https:\/\/api.w.org\/{rel}","templated":true}]}}