{"id":394768,"date":"2026-03-08T04:59:09","date_gmt":"2026-03-08T03:59:09","guid":{"rendered":"https:\/\/grupotextil.es\/producto\/camisa-heritage-ssl-men-poplin-shirt\/"},"modified":"2026-03-08T04:59:09","modified_gmt":"2026-03-08T03:59:09","slug":"camisa-heritage-ssl-men-poplin-shirt","status":"publish","type":"product","link":"https:\/\/grupotextil.es\/en\/product\/camisa-heritage-ssl-men-poplin-shirt\/","title":{"rendered":"Camisa Heritage SSLMen Poplin Camisa"},"content":{"rendered":"<ul>\n<li>120 g\/m\u00b2 (color: 125 g\/m\u00b2)<\/li>\n<li>100% algod\u00f3n peinado popelina<\/li>\n<li>Cuello entallado suave<\/li>\n<li>Bolsillo recto a la izquierda del pecho<\/li>\n<li>Pisacorbata<\/li>\n<li>Botones con efecto n\u00e1car y puntada cruzada<\/li>\n<li>\u00daltimo ojal del bot\u00f3n en horizontal<\/li>\n<li>Canes\u00fa posterior con dos pliegues laterales y puntada vista<\/li>\n<li>Dobladillo de manga plegado<\/li>\n<li>Costuras de manga y laterales con doble plegado<\/li>\n<li>Bajo redondeado con refuerzos laterales de forma cuadrada<\/li>\n<li>1 bot\u00f3n de repuesto<\/li>\n<li>Tejido de popelina suave Easy Care de algod\u00f3n puro<\/li>\n<\/ul>","protected":false},"excerpt":{"rendered":"<p>120 g\/m\u00b2 (color: 125 g\/m\u00b2)100% algod\u00f3n peinado popelinaCuello entallado suaveBolsillo recto a la izquierda del pechoPisacorbataBotones con efecto n\u00e1car y puntada cruzada\u00daltimo ojal del bot\u00f3n en horizo<\/p>","protected":false},"featured_media":425062,"comment_status":"open","ping_status":"closed","template":"","meta":{"_acf_changed":false},"product_brand":[11653],"product_cat":[13938],"product_tag":[],"class_list":{"0":"post-394768","1":"product","2":"type-product","3":"status-publish","4":"has-post-thumbnail","6":"product_brand-b-c","7":"product_cat-camisas-corporativas","8":"tm-no-options","10":"first","11":"instock","12":"taxable","13":"shipping-taxable","14":"product-type-variable"},"acf":[],"_links":{"self":[{"href":"https:\/\/grupotextil.es\/en\/wp-json\/wp\/v2\/product\/394768","targetHints":{"allow":["GET"]}}],"collection":[{"href":"https:\/\/grupotextil.es\/en\/wp-json\/wp\/v2\/product"}],"about":[{"href":"https:\/\/grupotextil.es\/en\/wp-json\/wp\/v2\/types\/product"}],"replies":[{"embeddable":true,"href":"https:\/\/grupotextil.es\/en\/wp-json\/wp\/v2\/comments?post=394768"}],"wp:featuredmedia":[{"embeddable":true,"href":"https:\/\/grupotextil.es\/en\/wp-json\/wp\/v2\/media\/425062"}],"wp:attachment":[{"href":"https:\/\/grupotextil.es\/en\/wp-json\/wp\/v2\/media?parent=394768"}],"wp:term":[{"taxonomy":"product_brand","embeddable":true,"href":"https:\/\/grupotextil.es\/en\/wp-json\/wp\/v2\/product_brand?post=394768"},{"taxonomy":"product_cat","embeddable":true,"href":"https:\/\/grupotextil.es\/en\/wp-json\/wp\/v2\/product_cat?post=394768"},{"taxonomy":"product_tag","embeddable":true,"href":"https:\/\/grupotextil.es\/en\/wp-json\/wp\/v2\/product_tag?post=394768"}],"curies":[{"name":"wp","href":"https:\/\/api.w.org\/{rel}","templated":true}]}}