{"id":394776,"date":"2026-03-08T04:59:10","date_gmt":"2026-03-08T03:59:10","guid":{"rendered":"https:\/\/grupotextil.es\/producto\/camisa-sharp-lsl-men-twill-shirt\/"},"modified":"2026-03-08T04:59:10","modified_gmt":"2026-03-08T03:59:10","slug":"camisa-sharp-lsl-men-twill-shirt","status":"publish","type":"product","link":"https:\/\/grupotextil.es\/en\/product\/camisa-sharp-lsl-men-twill-shirt\/","title":{"rendered":"Camisa Sharp LSLMen Twill Camisa"},"content":{"rendered":"<ul>\n<li>130 g\/m\u00b2<\/li>\n<li>100% algod\u00f3n peinado<\/li>\n<li>Cuello entallado semicortado suave<\/li>\n<li>Bolsillo recto en lado superior izquierdo<\/li>\n<li>Pisacorbatas<\/li>\n<li>Botones efecto n\u00e1car y puntada cruzada<\/li>\n<li>\u00daltimo ojal en horizontal<\/li>\n<li>Canes\u00fa posterior con dos pliegues laterales y modernas puntadas vistas<\/li>\n<li>Pu\u00f1os de corte angular ajustables con 2 botones y con ojal adicional para gemelos<\/li>\n<li>Costuras laterales y de manga de doble plegado<\/li>\n<li>Dobladillo redondeado con refuerzos laterales de forma cuadrada<\/li>\n<li>2 botones de repuesto<\/li>\n<li>Tejido de sarga Easy Care de algod\u00f3n con acabado aterciopelado suave al tacto<\/li>\n<\/ul>","protected":false},"excerpt":{"rendered":"<p>130 g\/m\u00b2100% algod\u00f3n peinadoCuello entallado semicortado suaveBolsillo recto en lado superior izquierdoPisacorbatasBotones efecto n\u00e1car y puntada cruzada\u00daltimo ojal en horizontalCanes\u00fa posterior con d<\/p>","protected":false},"featured_media":425064,"comment_status":"open","ping_status":"closed","template":"","meta":{"_acf_changed":false},"product_brand":[11653],"product_cat":[13938],"product_tag":[],"class_list":{"0":"post-394776","1":"product","2":"type-product","3":"status-publish","4":"has-post-thumbnail","6":"product_brand-b-c","7":"product_cat-camisas-corporativas","8":"tm-no-options","10":"first","11":"instock","12":"taxable","13":"shipping-taxable","14":"product-type-variable"},"acf":[],"_links":{"self":[{"href":"https:\/\/grupotextil.es\/en\/wp-json\/wp\/v2\/product\/394776","targetHints":{"allow":["GET"]}}],"collection":[{"href":"https:\/\/grupotextil.es\/en\/wp-json\/wp\/v2\/product"}],"about":[{"href":"https:\/\/grupotextil.es\/en\/wp-json\/wp\/v2\/types\/product"}],"replies":[{"embeddable":true,"href":"https:\/\/grupotextil.es\/en\/wp-json\/wp\/v2\/comments?post=394776"}],"wp:featuredmedia":[{"embeddable":true,"href":"https:\/\/grupotextil.es\/en\/wp-json\/wp\/v2\/media\/425064"}],"wp:attachment":[{"href":"https:\/\/grupotextil.es\/en\/wp-json\/wp\/v2\/media?parent=394776"}],"wp:term":[{"taxonomy":"product_brand","embeddable":true,"href":"https:\/\/grupotextil.es\/en\/wp-json\/wp\/v2\/product_brand?post=394776"},{"taxonomy":"product_cat","embeddable":true,"href":"https:\/\/grupotextil.es\/en\/wp-json\/wp\/v2\/product_cat?post=394776"},{"taxonomy":"product_tag","embeddable":true,"href":"https:\/\/grupotextil.es\/en\/wp-json\/wp\/v2\/product_tag?post=394776"}],"curies":[{"name":"wp","href":"https:\/\/api.w.org\/{rel}","templated":true}]}}