{"id":394807,"date":"2026-03-08T04:59:12","date_gmt":"2026-03-08T03:59:12","guid":{"rendered":"https:\/\/grupotextil.es\/producto\/camisa-business-ajustada-manga-larga-hombre\/"},"modified":"2026-03-08T04:59:12","modified_gmt":"2026-03-08T03:59:12","slug":"camisa-business-ajustada-manga-larga-hombre","status":"publish","type":"product","link":"https:\/\/grupotextil.es\/en\/product\/camisa-business-ajustada-manga-larga-hombre\/","title":{"rendered":"Shirt Business ajustada manga larga hombre"},"content":{"rendered":"<ul>\n<li>105 g\/m\u00b2<\/li>\n<li>55% algod\u00f3n, 45% poli\u00e9ster<\/li>\n<li>Cuello cl\u00e1sico reforzado<\/li>\n<li>Canes\u00fa en espalda<\/li>\n<li>Botones blancos ligeramente transparentes<\/li>\n<li>Pu\u00f1os con botones<\/li>\n<li>Dobladillo redondeado<\/li>\n<li>Corte ajustado<\/li>\n<li>F\u00e1cil planchado<\/li>\n<\/ul>","protected":false},"excerpt":{"rendered":"<p>105 g\/m\u00b255% algod\u00f3n, 45% poli\u00e9sterCuello cl\u00e1sico reforzadoCanes\u00fa en espaldaBotones blancos ligeramente transparentesPu\u00f1os con botonesDobladillo redondeadoCorte ajustadoF\u00e1cil planchado<\/p>","protected":false},"featured_media":425091,"comment_status":"open","ping_status":"closed","template":"","meta":{"_acf_changed":false},"product_brand":[11672],"product_cat":[13938],"product_tag":[],"class_list":{"0":"post-394807","1":"product","2":"type-product","3":"status-publish","4":"has-post-thumbnail","6":"product_brand-kustom-kit","7":"product_cat-camisas-corporativas","8":"tm-no-options","10":"first","11":"instock","12":"taxable","13":"shipping-taxable","14":"product-type-variable"},"acf":[],"_links":{"self":[{"href":"https:\/\/grupotextil.es\/en\/wp-json\/wp\/v2\/product\/394807","targetHints":{"allow":["GET"]}}],"collection":[{"href":"https:\/\/grupotextil.es\/en\/wp-json\/wp\/v2\/product"}],"about":[{"href":"https:\/\/grupotextil.es\/en\/wp-json\/wp\/v2\/types\/product"}],"replies":[{"embeddable":true,"href":"https:\/\/grupotextil.es\/en\/wp-json\/wp\/v2\/comments?post=394807"}],"wp:featuredmedia":[{"embeddable":true,"href":"https:\/\/grupotextil.es\/en\/wp-json\/wp\/v2\/media\/425091"}],"wp:attachment":[{"href":"https:\/\/grupotextil.es\/en\/wp-json\/wp\/v2\/media?parent=394807"}],"wp:term":[{"taxonomy":"product_brand","embeddable":true,"href":"https:\/\/grupotextil.es\/en\/wp-json\/wp\/v2\/product_brand?post=394807"},{"taxonomy":"product_cat","embeddable":true,"href":"https:\/\/grupotextil.es\/en\/wp-json\/wp\/v2\/product_cat?post=394807"},{"taxonomy":"product_tag","embeddable":true,"href":"https:\/\/grupotextil.es\/en\/wp-json\/wp\/v2\/product_tag?post=394807"}],"curies":[{"name":"wp","href":"https:\/\/api.w.org\/{rel}","templated":true}]}}