{"id":394873,"date":"2026-03-08T04:59:15","date_gmt":"2026-03-08T03:59:15","guid":{"rendered":"https:\/\/grupotextil.es\/producto\/camisa-oxford-workwear-manga-corta-hombre\/"},"modified":"2026-03-08T04:59:15","modified_gmt":"2026-03-08T03:59:15","slug":"camisa-oxford-workwear-manga-corta-hombre","status":"publish","type":"product","link":"https:\/\/grupotextil.es\/en\/product\/camisa-oxford-workwear-manga-corta-hombre\/","title":{"rendered":"Shirt Oxford Workwear manga corta hombre"},"content":{"rendered":"<ul>\n<li>135 g\/m\u00b2<\/li>\n<li>70% algod\u00f3n, 30% poli\u00e9ster<\/li>\n<li>Manga corta y bot\u00f3n para sujetar el cuello a la camisa<\/li>\n<li>Canes\u00fa en espalda con dos pliegues invertidos<\/li>\n<li>Bolsillo de parche en el pecho izquierdo<\/li>\n<li>Dobladillo redondeado<\/li>\n<\/ul>","protected":false},"excerpt":{"rendered":"<p>135 g\/m\u00b270% algod\u00f3n, 30% poli\u00e9sterManga corta y bot\u00f3n para sujetar el cuello a la camisaCanes\u00fa en espalda con dos pliegues invertidosBolsillo de parche en el pecho izquierdoDobladillo redondeado<\/p>","protected":false},"featured_media":425108,"comment_status":"open","ping_status":"closed","template":"","meta":{"_acf_changed":false},"product_brand":[11672],"product_cat":[13938],"product_tag":[],"class_list":{"0":"post-394873","1":"product","2":"type-product","3":"status-publish","4":"has-post-thumbnail","6":"product_brand-kustom-kit","7":"product_cat-camisas-corporativas","8":"tm-no-options","10":"first","11":"instock","12":"taxable","13":"shipping-taxable","14":"product-type-variable"},"acf":[],"_links":{"self":[{"href":"https:\/\/grupotextil.es\/en\/wp-json\/wp\/v2\/product\/394873","targetHints":{"allow":["GET"]}}],"collection":[{"href":"https:\/\/grupotextil.es\/en\/wp-json\/wp\/v2\/product"}],"about":[{"href":"https:\/\/grupotextil.es\/en\/wp-json\/wp\/v2\/types\/product"}],"replies":[{"embeddable":true,"href":"https:\/\/grupotextil.es\/en\/wp-json\/wp\/v2\/comments?post=394873"}],"wp:featuredmedia":[{"embeddable":true,"href":"https:\/\/grupotextil.es\/en\/wp-json\/wp\/v2\/media\/425108"}],"wp:attachment":[{"href":"https:\/\/grupotextil.es\/en\/wp-json\/wp\/v2\/media?parent=394873"}],"wp:term":[{"taxonomy":"product_brand","embeddable":true,"href":"https:\/\/grupotextil.es\/en\/wp-json\/wp\/v2\/product_brand?post=394873"},{"taxonomy":"product_cat","embeddable":true,"href":"https:\/\/grupotextil.es\/en\/wp-json\/wp\/v2\/product_cat?post=394873"},{"taxonomy":"product_tag","embeddable":true,"href":"https:\/\/grupotextil.es\/en\/wp-json\/wp\/v2\/product_tag?post=394873"}],"curies":[{"name":"wp","href":"https:\/\/api.w.org\/{rel}","templated":true}]}}