{"id":394906,"date":"2026-03-08T04:59:17","date_gmt":"2026-03-08T03:59:17","guid":{"rendered":"https:\/\/grupotextil.es\/producto\/camisa-oxford-manga-larga-hombre\/"},"modified":"2026-03-08T04:59:17","modified_gmt":"2026-03-08T03:59:17","slug":"camisa-oxford-manga-larga-hombre","status":"publish","type":"product","link":"https:\/\/grupotextil.es\/en\/product\/camisa-oxford-manga-larga-hombre\/","title":{"rendered":"Shirt Oxford manga larga hombre"},"content":{"rendered":"<ul>\n<li>135 g\/m\u00b2 (White:130 g\/m\u00b2)<\/li>\n<li>70% algod\u00f3n, 30% poli\u00e9ster<\/li>\n<li>Manga larga<\/li>\n<li>Cuello abotonado<\/li>\n<li>Incluye bolsillo en el pecho<\/li>\n<li>Pu\u00f1os redondeados con 2 botones a juego y un bot\u00f3n adicional en la abertura de la manga<\/li>\n<li>1 bolsillo en forma de V en el pecho izquierdo<\/li>\n<li>Corte cl\u00e1sico<\/li>\n<li>Dobladillo redondeado<\/li>\n<li>Botones de repuesto<\/li>\n<li>F\u00e1cil cuidado<\/li>\n<\/ul>","protected":false},"excerpt":{"rendered":"<p>135 g\/m\u00b2 (White:130 g\/m\u00b2)70% algod\u00f3n, 30% poli\u00e9sterManga largaCuello abotonadoIncluye bolsillo en el pechoPu\u00f1os redondeados con 2 botones a juego y un bot\u00f3n adicional en la abertura de la manga1 bolsi<\/p>","protected":false},"featured_media":425117,"comment_status":"open","ping_status":"closed","template":"","meta":{"_acf_changed":false},"product_brand":[11670],"product_cat":[13938],"product_tag":[14009],"class_list":{"0":"post-394906","1":"product","2":"type-product","3":"status-publish","4":"has-post-thumbnail","6":"product_brand-russell-europe","7":"product_cat-camisas-corporativas","8":"product_tag-top-ventas","9":"tm-no-options","11":"first","12":"instock","13":"taxable","14":"shipping-taxable","15":"product-type-variable"},"acf":[],"_links":{"self":[{"href":"https:\/\/grupotextil.es\/en\/wp-json\/wp\/v2\/product\/394906","targetHints":{"allow":["GET"]}}],"collection":[{"href":"https:\/\/grupotextil.es\/en\/wp-json\/wp\/v2\/product"}],"about":[{"href":"https:\/\/grupotextil.es\/en\/wp-json\/wp\/v2\/types\/product"}],"replies":[{"embeddable":true,"href":"https:\/\/grupotextil.es\/en\/wp-json\/wp\/v2\/comments?post=394906"}],"wp:featuredmedia":[{"embeddable":true,"href":"https:\/\/grupotextil.es\/en\/wp-json\/wp\/v2\/media\/425117"}],"wp:attachment":[{"href":"https:\/\/grupotextil.es\/en\/wp-json\/wp\/v2\/media?parent=394906"}],"wp:term":[{"taxonomy":"product_brand","embeddable":true,"href":"https:\/\/grupotextil.es\/en\/wp-json\/wp\/v2\/product_brand?post=394906"},{"taxonomy":"product_cat","embeddable":true,"href":"https:\/\/grupotextil.es\/en\/wp-json\/wp\/v2\/product_cat?post=394906"},{"taxonomy":"product_tag","embeddable":true,"href":"https:\/\/grupotextil.es\/en\/wp-json\/wp\/v2\/product_tag?post=394906"}],"curies":[{"name":"wp","href":"https:\/\/api.w.org\/{rel}","templated":true}]}}