{"id":395025,"date":"2026-03-08T04:59:22","date_gmt":"2026-03-08T03:59:22","guid":{"rendered":"https:\/\/grupotextil.es\/producto\/camisa-oxford-cutawaypremium-classic-fit\/"},"modified":"2026-03-08T04:59:22","modified_gmt":"2026-03-08T03:59:22","slug":"camisa-oxford-cutawaypremium-classic-fit","status":"publish","type":"product","link":"https:\/\/grupotextil.es\/en\/product\/camisa-oxford-cutawaypremium-classic-fit\/","title":{"rendered":"Camisa Oxford CutawayPremium Classic Fit"},"content":{"rendered":"<ul>\n<li>125 g\/m\u00b2<\/li>\n<li>85% Algod\u00f3n, 15% Poli\u00e9ster<\/li>\n<li>Camisa Oxford de f\u00e1cil planchado<\/li>\n<li>Moderno cuello corto reforzado<\/li>\n<li>Canes\u00fa trasero con 2 pliegues invertidos<\/li>\n<li>Incluye bolsillo de pechera por separado<\/li>\n<li>Incluye bolsillo de pechera por separado<\/li>\n<li>Dobladillo inferior redondeado<\/li>\n<\/ul>","protected":false},"excerpt":{"rendered":"<p>125 g\/m\u00b285% Algod\u00f3n, 15% Poli\u00e9sterCamisa Oxford de f\u00e1cil planchadoModerno cuello corto reforzadoCanes\u00fa trasero con 2 pliegues invertidosIncluye bolsillo de pechera por separadoIncluye bolsillo de pech<\/p>","protected":false},"featured_media":425162,"comment_status":"open","ping_status":"closed","template":"","meta":{"_acf_changed":false},"product_brand":[11672],"product_cat":[13938],"product_tag":[],"class_list":{"0":"post-395025","1":"product","2":"type-product","3":"status-publish","4":"has-post-thumbnail","6":"product_brand-kustom-kit","7":"product_cat-camisas-corporativas","8":"tm-no-options","10":"first","11":"instock","12":"taxable","13":"shipping-taxable","14":"product-type-variable"},"acf":[],"_links":{"self":[{"href":"https:\/\/grupotextil.es\/en\/wp-json\/wp\/v2\/product\/395025","targetHints":{"allow":["GET"]}}],"collection":[{"href":"https:\/\/grupotextil.es\/en\/wp-json\/wp\/v2\/product"}],"about":[{"href":"https:\/\/grupotextil.es\/en\/wp-json\/wp\/v2\/types\/product"}],"replies":[{"embeddable":true,"href":"https:\/\/grupotextil.es\/en\/wp-json\/wp\/v2\/comments?post=395025"}],"wp:featuredmedia":[{"embeddable":true,"href":"https:\/\/grupotextil.es\/en\/wp-json\/wp\/v2\/media\/425162"}],"wp:attachment":[{"href":"https:\/\/grupotextil.es\/en\/wp-json\/wp\/v2\/media?parent=395025"}],"wp:term":[{"taxonomy":"product_brand","embeddable":true,"href":"https:\/\/grupotextil.es\/en\/wp-json\/wp\/v2\/product_brand?post=395025"},{"taxonomy":"product_cat","embeddable":true,"href":"https:\/\/grupotextil.es\/en\/wp-json\/wp\/v2\/product_cat?post=395025"},{"taxonomy":"product_tag","embeddable":true,"href":"https:\/\/grupotextil.es\/en\/wp-json\/wp\/v2\/product_tag?post=395025"}],"curies":[{"name":"wp","href":"https:\/\/api.w.org\/{rel}","templated":true}]}}