{"id":395036,"date":"2026-03-08T04:59:23","date_gmt":"2026-03-08T03:59:23","guid":{"rendered":"https:\/\/grupotextil.es\/producto\/camisa-cuello-mandarin-entalllada-hombre\/"},"modified":"2026-03-08T04:59:23","modified_gmt":"2026-03-08T03:59:23","slug":"camisa-cuello-mandarin-entalllada-hombre","status":"publish","type":"product","link":"https:\/\/grupotextil.es\/en\/product\/camisa-cuello-mandarin-entalllada-hombre\/","title":{"rendered":"Shirt cuello mandar\u00edn entalllada hombre"},"content":{"rendered":"<ul>\n<li>120 g\/m\u00b2<\/li>\n<li>57% algod\u00f3n, 40% poli\u00e9ster, 3% lycra<\/li>\n<li>Camisa estilo asi\u00e1tico de manga corta<\/li>\n<li>Cuello mandar\u00edn<\/li>\n<li>Canes\u00fa en espalda con pliegues invertidos<\/li>\n<li>Botones del mismo color<\/li>\n<li>Tapeta oculta (solo visible el bot\u00f3n superior)<\/li>\n<li>Dobladillo redondeado<\/li>\n<\/ul>","protected":false},"excerpt":{"rendered":"<p>120 g\/m\u00b257% algod\u00f3n, 40% poli\u00e9ster, 3% lycraCamisa estilo asi\u00e1tico de manga cortaCuello mandar\u00ednCanes\u00fa en espalda con pliegues invertidosBotones del mismo colorTapeta oculta (solo visible el bot\u00f3n sup<\/p>","protected":false},"featured_media":425172,"comment_status":"open","ping_status":"closed","template":"","meta":{"_acf_changed":false},"product_brand":[11672],"product_cat":[13938],"product_tag":[],"class_list":{"0":"post-395036","1":"product","2":"type-product","3":"status-publish","4":"has-post-thumbnail","6":"product_brand-kustom-kit","7":"product_cat-camisas-corporativas","8":"tm-no-options","10":"first","11":"instock","12":"taxable","13":"shipping-taxable","14":"product-type-variable"},"acf":[],"_links":{"self":[{"href":"https:\/\/grupotextil.es\/en\/wp-json\/wp\/v2\/product\/395036","targetHints":{"allow":["GET"]}}],"collection":[{"href":"https:\/\/grupotextil.es\/en\/wp-json\/wp\/v2\/product"}],"about":[{"href":"https:\/\/grupotextil.es\/en\/wp-json\/wp\/v2\/types\/product"}],"replies":[{"embeddable":true,"href":"https:\/\/grupotextil.es\/en\/wp-json\/wp\/v2\/comments?post=395036"}],"wp:featuredmedia":[{"embeddable":true,"href":"https:\/\/grupotextil.es\/en\/wp-json\/wp\/v2\/media\/425172"}],"wp:attachment":[{"href":"https:\/\/grupotextil.es\/en\/wp-json\/wp\/v2\/media?parent=395036"}],"wp:term":[{"taxonomy":"product_brand","embeddable":true,"href":"https:\/\/grupotextil.es\/en\/wp-json\/wp\/v2\/product_brand?post=395036"},{"taxonomy":"product_cat","embeddable":true,"href":"https:\/\/grupotextil.es\/en\/wp-json\/wp\/v2\/product_cat?post=395036"},{"taxonomy":"product_tag","embeddable":true,"href":"https:\/\/grupotextil.es\/en\/wp-json\/wp\/v2\/product_tag?post=395036"}],"curies":[{"name":"wp","href":"https:\/\/api.w.org\/{rel}","templated":true}]}}