{"id":395138,"date":"2026-03-08T04:59:34","date_gmt":"2026-03-08T03:59:34","guid":{"rendered":"https:\/\/grupotextil.es\/producto\/camisa-ultimate-hombre\/"},"modified":"2026-03-08T04:59:34","modified_gmt":"2026-03-08T03:59:34","slug":"camisa-ultimate-hombre","status":"publish","type":"product","link":"https:\/\/grupotextil.es\/en\/product\/camisa-ultimate-hombre\/","title":{"rendered":"Shirt Ultimate hombre"},"content":{"rendered":"<ul>\n<li>120 g\/m\u00b2<\/li>\n<li>100% algod\u00f3n micro sarga<\/li>\n<li>No necesita planchado<\/li>\n<li>Bot\u00f3n para sujetar el cuello<\/li>\n<li>Canes\u00fa en la espalda con pliegues insertados en los lados<\/li>\n<li>Botones del mismo color de la prenda<\/li>\n<li>Bolsillo parche en el pecho<\/li>\n<li>Corte cl\u00e1sico<\/li>\n<li>Dobladillo redondeado<\/li>\n<li>Botones de repuesto<\/li>\n<\/ul>","protected":false},"excerpt":{"rendered":"<p>120 g\/m\u00b2100% algod\u00f3n micro sargaNo necesita planchadoBot\u00f3n para sujetar el cuelloCanes\u00fa en la espalda con pliegues insertados en los ladosBotones del mismo color de la prendaBolsillo parche en el pech<\/p>","protected":false},"featured_media":425234,"comment_status":"open","ping_status":"closed","template":"","meta":{"_acf_changed":false},"product_brand":[11670],"product_cat":[13938],"product_tag":[],"class_list":{"0":"post-395138","1":"product","2":"type-product","3":"status-publish","4":"has-post-thumbnail","6":"product_brand-russell-europe","7":"product_cat-camisas-corporativas","8":"tm-no-options","10":"first","11":"instock","12":"taxable","13":"shipping-taxable","14":"product-type-variable"},"acf":[],"_links":{"self":[{"href":"https:\/\/grupotextil.es\/en\/wp-json\/wp\/v2\/product\/395138","targetHints":{"allow":["GET"]}}],"collection":[{"href":"https:\/\/grupotextil.es\/en\/wp-json\/wp\/v2\/product"}],"about":[{"href":"https:\/\/grupotextil.es\/en\/wp-json\/wp\/v2\/types\/product"}],"replies":[{"embeddable":true,"href":"https:\/\/grupotextil.es\/en\/wp-json\/wp\/v2\/comments?post=395138"}],"wp:featuredmedia":[{"embeddable":true,"href":"https:\/\/grupotextil.es\/en\/wp-json\/wp\/v2\/media\/425234"}],"wp:attachment":[{"href":"https:\/\/grupotextil.es\/en\/wp-json\/wp\/v2\/media?parent=395138"}],"wp:term":[{"taxonomy":"product_brand","embeddable":true,"href":"https:\/\/grupotextil.es\/en\/wp-json\/wp\/v2\/product_brand?post=395138"},{"taxonomy":"product_cat","embeddable":true,"href":"https:\/\/grupotextil.es\/en\/wp-json\/wp\/v2\/product_cat?post=395138"},{"taxonomy":"product_tag","embeddable":true,"href":"https:\/\/grupotextil.es\/en\/wp-json\/wp\/v2\/product_tag?post=395138"}],"curies":[{"name":"wp","href":"https:\/\/api.w.org\/{rel}","templated":true}]}}