{"id":395260,"date":"2026-03-08T04:59:40","date_gmt":"2026-03-08T03:59:40","guid":{"rendered":"https:\/\/grupotextil.es\/producto\/camisa-oxford-workwear-manga-larga-mujer-entallada\/"},"modified":"2026-03-08T04:59:40","modified_gmt":"2026-03-08T03:59:40","slug":"camisa-oxford-workwear-manga-larga-mujer-entallada","status":"publish","type":"product","link":"https:\/\/grupotextil.es\/en\/product\/camisa-oxford-workwear-manga-larga-mujer-entallada\/","title":{"rendered":"Shirt Oxford Workwear manga larga mujer entallada"},"content":{"rendered":"<ul>\n<li>135 g\/m\u00b2<\/li>\n<li>70% algod\u00f3n, 30% poli\u00e9ster<\/li>\n<li>Manga larga<\/li>\n<li>Cuello de estilo cl\u00e1sico con bot\u00f3n<\/li>\n<li>Canes\u00fa en espalda<\/li>\n<li>Pinzas delante y detr\u00e1s para un corte ajustado<\/li>\n<li>Pu\u00f1os ajustables<\/li>\n<li>Dobladillo redondeado<\/li>\n<\/ul>","protected":false},"excerpt":{"rendered":"<p>135 g\/m\u00b270% algod\u00f3n, 30% poli\u00e9sterManga largaCuello de estilo cl\u00e1sico con bot\u00f3nCanes\u00fa en espaldaPinzas delante y detr\u00e1s para un corte ajustadoPu\u00f1os ajustablesDobladillo redondeado<\/p>","protected":false},"featured_media":425287,"comment_status":"open","ping_status":"closed","template":"","meta":{"_acf_changed":false},"product_brand":[11672],"product_cat":[13938],"product_tag":[],"class_list":{"0":"post-395260","1":"product","2":"type-product","3":"status-publish","4":"has-post-thumbnail","6":"product_brand-kustom-kit","7":"product_cat-camisas-corporativas","8":"tm-no-options","10":"first","11":"instock","12":"taxable","13":"shipping-taxable","14":"product-type-variable"},"acf":[],"_links":{"self":[{"href":"https:\/\/grupotextil.es\/en\/wp-json\/wp\/v2\/product\/395260","targetHints":{"allow":["GET"]}}],"collection":[{"href":"https:\/\/grupotextil.es\/en\/wp-json\/wp\/v2\/product"}],"about":[{"href":"https:\/\/grupotextil.es\/en\/wp-json\/wp\/v2\/types\/product"}],"replies":[{"embeddable":true,"href":"https:\/\/grupotextil.es\/en\/wp-json\/wp\/v2\/comments?post=395260"}],"wp:featuredmedia":[{"embeddable":true,"href":"https:\/\/grupotextil.es\/en\/wp-json\/wp\/v2\/media\/425287"}],"wp:attachment":[{"href":"https:\/\/grupotextil.es\/en\/wp-json\/wp\/v2\/media?parent=395260"}],"wp:term":[{"taxonomy":"product_brand","embeddable":true,"href":"https:\/\/grupotextil.es\/en\/wp-json\/wp\/v2\/product_brand?post=395260"},{"taxonomy":"product_cat","embeddable":true,"href":"https:\/\/grupotextil.es\/en\/wp-json\/wp\/v2\/product_cat?post=395260"},{"taxonomy":"product_tag","embeddable":true,"href":"https:\/\/grupotextil.es\/en\/wp-json\/wp\/v2\/product_tag?post=395260"}],"curies":[{"name":"wp","href":"https:\/\/api.w.org\/{rel}","templated":true}]}}