{"id":395269,"date":"2026-03-08T04:59:40","date_gmt":"2026-03-08T03:59:40","guid":{"rendered":"https:\/\/grupotextil.es\/producto\/jersey-cuello-v-de-punto\/"},"modified":"2026-03-08T04:59:40","modified_gmt":"2026-03-08T03:59:40","slug":"jersey-cuello-v-de-punto","status":"publish","type":"product","link":"https:\/\/grupotextil.es\/en\/product\/jersey-cuello-v-de-punto\/","title":{"rendered":"Jersey V-Neck de punto"},"content":{"rendered":"<ul>\n<li>275 g\/m\u00b2<\/li>\n<li>50% algod\u00f3n, 50% acr\u00edlico<\/li>\n<li>Tejido CottonBlend\u2122 de f\u00e1cil cuidado<\/li>\n<li>Cl\u00e1sico jersey suave con cuello en V<\/li>\n<li>Pu\u00f1os y bajo en canal\u00e9 con elast\u00e1n<\/li>\n<li>Ideal para bordado<\/li>\n<li>Lavable a maquina a 40\u00baC<\/li>\n<\/ul>","protected":false},"excerpt":{"rendered":"<p>275 g\/m\u00b250% algod\u00f3n, 50% acr\u00edlicoTejido CottonBlend\u2122 de f\u00e1cil cuidadoCl\u00e1sico jersey suave con cuello en VPu\u00f1os y bajo en canal\u00e9 con elast\u00e1nIdeal para bordadoLavable a maquina a 40\u00baC<\/p>","protected":false},"featured_media":425288,"comment_status":"open","ping_status":"closed","template":"","meta":{"_acf_changed":false},"product_brand":[11670],"product_cat":[13938],"product_tag":[14009],"class_list":{"0":"post-395269","1":"product","2":"type-product","3":"status-publish","4":"has-post-thumbnail","6":"product_brand-russell-europe","7":"product_cat-camisas-corporativas","8":"product_tag-top-ventas","9":"tm-no-options","11":"first","12":"instock","13":"taxable","14":"shipping-taxable","15":"product-type-variable"},"acf":[],"_links":{"self":[{"href":"https:\/\/grupotextil.es\/en\/wp-json\/wp\/v2\/product\/395269","targetHints":{"allow":["GET"]}}],"collection":[{"href":"https:\/\/grupotextil.es\/en\/wp-json\/wp\/v2\/product"}],"about":[{"href":"https:\/\/grupotextil.es\/en\/wp-json\/wp\/v2\/types\/product"}],"replies":[{"embeddable":true,"href":"https:\/\/grupotextil.es\/en\/wp-json\/wp\/v2\/comments?post=395269"}],"wp:featuredmedia":[{"embeddable":true,"href":"https:\/\/grupotextil.es\/en\/wp-json\/wp\/v2\/media\/425288"}],"wp:attachment":[{"href":"https:\/\/grupotextil.es\/en\/wp-json\/wp\/v2\/media?parent=395269"}],"wp:term":[{"taxonomy":"product_brand","embeddable":true,"href":"https:\/\/grupotextil.es\/en\/wp-json\/wp\/v2\/product_brand?post=395269"},{"taxonomy":"product_cat","embeddable":true,"href":"https:\/\/grupotextil.es\/en\/wp-json\/wp\/v2\/product_cat?post=395269"},{"taxonomy":"product_tag","embeddable":true,"href":"https:\/\/grupotextil.es\/en\/wp-json\/wp\/v2\/product_tag?post=395269"}],"curies":[{"name":"wp","href":"https:\/\/api.w.org\/{rel}","templated":true}]}}