{"id":395847,"date":"2026-03-08T05:03:28","date_gmt":"2026-03-08T04:03:28","guid":{"rendered":"https:\/\/grupotextil.es\/producto\/camisa-clasica-sarga-manga-larga\/"},"modified":"2026-03-08T05:03:28","modified_gmt":"2026-03-08T04:03:28","slug":"camisa-clasica-sarga-manga-larga","status":"publish","type":"product","link":"https:\/\/grupotextil.es\/en\/product\/camisa-clasica-sarga-manga-larga\/","title":{"rendered":"Shirt Classic sarga Long Sleeve"},"content":{"rendered":"<ul>\n<li>130 g\/m\u00b2<\/li>\n<li>100% algod\u00f3n sarga, suave al tacto<\/li>\n<li>Manga larga<\/li>\n<li>Bot\u00f3n para sujetar el cuello de la camisa<\/li>\n<li>Cuello encintado en espiguilla<\/li>\n<li>Canes\u00fa trasero con bot\u00f3n decorativo central<\/li>\n<li>Botones del mismo color de la prenda<\/li>\n<li>Bolsillo en el pecho<\/li>\n<li>Pu\u00f1os elegantes con dos botones<\/li>\n<li>Corte cl\u00e1sico<\/li>\n<li>Cuello encintado en espiguilla<\/li>\n<li>Dobladillo redondeado<\/li>\n<li>Botones de repuesto<\/li>\n<\/ul>","protected":false},"excerpt":{"rendered":"<p>130 g\/m\u00b2100% algod\u00f3n sarga, suave al tactoManga largaBot\u00f3n para sujetar el cuello de la camisaCuello encintado en espiguillaCanes\u00fa trasero con bot\u00f3n decorativo centralBotones del mismo color de la pre<\/p>","protected":false},"featured_media":425444,"comment_status":"open","ping_status":"closed","template":"","meta":{"_acf_changed":false},"product_brand":[11670],"product_cat":[13938],"product_tag":[],"class_list":{"0":"post-395847","1":"product","2":"type-product","3":"status-publish","4":"has-post-thumbnail","6":"product_brand-russell-europe","7":"product_cat-camisas-corporativas","8":"tm-no-options","10":"first","11":"instock","12":"taxable","13":"shipping-taxable","14":"product-type-variable"},"acf":[],"_links":{"self":[{"href":"https:\/\/grupotextil.es\/en\/wp-json\/wp\/v2\/product\/395847","targetHints":{"allow":["GET"]}}],"collection":[{"href":"https:\/\/grupotextil.es\/en\/wp-json\/wp\/v2\/product"}],"about":[{"href":"https:\/\/grupotextil.es\/en\/wp-json\/wp\/v2\/types\/product"}],"replies":[{"embeddable":true,"href":"https:\/\/grupotextil.es\/en\/wp-json\/wp\/v2\/comments?post=395847"}],"wp:featuredmedia":[{"embeddable":true,"href":"https:\/\/grupotextil.es\/en\/wp-json\/wp\/v2\/media\/425444"}],"wp:attachment":[{"href":"https:\/\/grupotextil.es\/en\/wp-json\/wp\/v2\/media?parent=395847"}],"wp:term":[{"taxonomy":"product_brand","embeddable":true,"href":"https:\/\/grupotextil.es\/en\/wp-json\/wp\/v2\/product_brand?post=395847"},{"taxonomy":"product_cat","embeddable":true,"href":"https:\/\/grupotextil.es\/en\/wp-json\/wp\/v2\/product_cat?post=395847"},{"taxonomy":"product_tag","embeddable":true,"href":"https:\/\/grupotextil.es\/en\/wp-json\/wp\/v2\/product_tag?post=395847"}],"curies":[{"name":"wp","href":"https:\/\/api.w.org\/{rel}","templated":true}]}}