{"id":395904,"date":"2026-03-08T05:04:00","date_gmt":"2026-03-08T04:04:00","guid":{"rendered":"https:\/\/grupotextil.es\/producto\/camisa-clasica-sarga-manga-corta\/"},"modified":"2026-03-08T05:04:00","modified_gmt":"2026-03-08T04:04:00","slug":"camisa-clasica-sarga-manga-corta","status":"publish","type":"product","link":"https:\/\/grupotextil.es\/en\/product\/camisa-clasica-sarga-manga-corta\/","title":{"rendered":"Camisa cl\u00e1sica sarga manga corta"},"content":{"rendered":"<ul>\n<li>130 g\/m\u00b2<\/li>\n<li>100% algodon sarga , suave al tacto<\/li>\n<li>Cuello abotonado<\/li>\n<li>Cuello encintado en espiguilla<\/li>\n<li>Canes\u00fa trasero con bot\u00f3n decorativo central<\/li>\n<li>Botones del mismo color de la prenda<\/li>\n<li>Bolsillo en el pecho<\/li>\n<li>Corte cl\u00e1sico<\/li>\n<li>Costuras laterales reforzadas<\/li>\n<li>Dobladillo redondeado<\/li>\n<li>Botones de repuesto<\/li>\n<\/ul>","protected":false},"excerpt":{"rendered":"<p>130 g\/m\u00b2100% algodon sarga , suave al tactoCuello abotonadoCuello encintado en espiguillaCanes\u00fa trasero con bot\u00f3n decorativo centralBotones del mismo color de la prendaBolsillo en el pechoCorte cl\u00e1sic<\/p>","protected":false},"featured_media":425465,"comment_status":"open","ping_status":"closed","template":"","meta":{"_acf_changed":false},"product_brand":[11670],"product_cat":[13938],"product_tag":[],"class_list":{"0":"post-395904","1":"product","2":"type-product","3":"status-publish","4":"has-post-thumbnail","6":"product_brand-russell-europe","7":"product_cat-camisas-corporativas","8":"tm-no-options","10":"first","11":"instock","12":"taxable","13":"shipping-taxable","14":"product-type-variable"},"acf":[],"_links":{"self":[{"href":"https:\/\/grupotextil.es\/en\/wp-json\/wp\/v2\/product\/395904","targetHints":{"allow":["GET"]}}],"collection":[{"href":"https:\/\/grupotextil.es\/en\/wp-json\/wp\/v2\/product"}],"about":[{"href":"https:\/\/grupotextil.es\/en\/wp-json\/wp\/v2\/types\/product"}],"replies":[{"embeddable":true,"href":"https:\/\/grupotextil.es\/en\/wp-json\/wp\/v2\/comments?post=395904"}],"wp:featuredmedia":[{"embeddable":true,"href":"https:\/\/grupotextil.es\/en\/wp-json\/wp\/v2\/media\/425465"}],"wp:attachment":[{"href":"https:\/\/grupotextil.es\/en\/wp-json\/wp\/v2\/media?parent=395904"}],"wp:term":[{"taxonomy":"product_brand","embeddable":true,"href":"https:\/\/grupotextil.es\/en\/wp-json\/wp\/v2\/product_brand?post=395904"},{"taxonomy":"product_cat","embeddable":true,"href":"https:\/\/grupotextil.es\/en\/wp-json\/wp\/v2\/product_cat?post=395904"},{"taxonomy":"product_tag","embeddable":true,"href":"https:\/\/grupotextil.es\/en\/wp-json\/wp\/v2\/product_tag?post=395904"}],"curies":[{"name":"wp","href":"https:\/\/api.w.org\/{rel}","templated":true}]}}