{"id":395924,"date":"2026-03-08T05:04:02","date_gmt":"2026-03-08T04:04:02","guid":{"rendered":"https:\/\/grupotextil.es\/producto\/camisa-oxford-manga-larga-hombre-2\/"},"modified":"2026-03-08T05:04:02","modified_gmt":"2026-03-08T04:04:02","slug":"camisa-oxford-manga-larga-hombre-2","status":"publish","type":"product","link":"https:\/\/grupotextil.es\/en\/product\/camisa-oxford-manga-larga-hombre-2\/","title":{"rendered":"Shirt Oxford manga larga hombre"},"content":{"rendered":"<ul>\n<li>135 g\/m\u00b2 (White: 130 g\/m\u00b2)<\/li>\n<li>70% algod\u00f3n, 30% poli\u00e9ster<\/li>\n<li>F\u00e1cil cuidado<\/li>\n<li>Camisa Oxford de manga larga<\/li>\n<li>Bot\u00f3n para sujetar el cuello a la camisa<\/li>\n<li>Botones con nacarados (para Black y Navy son del mismo color de la prenda)<\/li>\n<li>Canes\u00fa en la espalda con dos pliegues invertidos<\/li>\n<li>Bolsillo de parche en el pecho<\/li>\n<li>Bajo de manga con pu\u00f1os<\/li>\n<li>Dobladillo redondeado<\/li>\n<\/ul>","protected":false},"excerpt":{"rendered":"<p>135 g\/m\u00b2 (White: 130 g\/m\u00b2)70% algod\u00f3n, 30% poli\u00e9sterF\u00e1cil cuidadoCamisa Oxford de manga largaBot\u00f3n para sujetar el cuello a la camisaBotones con nacarados (para Black y Navy son del mismo color de la<\/p>","protected":false},"featured_media":425480,"comment_status":"open","ping_status":"closed","template":"","meta":{"_acf_changed":false},"product_brand":[11665],"product_cat":[13938],"product_tag":[],"class_list":{"0":"post-395924","1":"product","2":"type-product","3":"status-publish","4":"has-post-thumbnail","6":"product_brand-fruit-of-the-loom","7":"product_cat-camisas-corporativas","8":"tm-no-options","10":"first","11":"instock","12":"taxable","13":"shipping-taxable","14":"product-type-variable"},"acf":[],"_links":{"self":[{"href":"https:\/\/grupotextil.es\/en\/wp-json\/wp\/v2\/product\/395924","targetHints":{"allow":["GET"]}}],"collection":[{"href":"https:\/\/grupotextil.es\/en\/wp-json\/wp\/v2\/product"}],"about":[{"href":"https:\/\/grupotextil.es\/en\/wp-json\/wp\/v2\/types\/product"}],"replies":[{"embeddable":true,"href":"https:\/\/grupotextil.es\/en\/wp-json\/wp\/v2\/comments?post=395924"}],"wp:featuredmedia":[{"embeddable":true,"href":"https:\/\/grupotextil.es\/en\/wp-json\/wp\/v2\/media\/425480"}],"wp:attachment":[{"href":"https:\/\/grupotextil.es\/en\/wp-json\/wp\/v2\/media?parent=395924"}],"wp:term":[{"taxonomy":"product_brand","embeddable":true,"href":"https:\/\/grupotextil.es\/en\/wp-json\/wp\/v2\/product_brand?post=395924"},{"taxonomy":"product_cat","embeddable":true,"href":"https:\/\/grupotextil.es\/en\/wp-json\/wp\/v2\/product_cat?post=395924"},{"taxonomy":"product_tag","embeddable":true,"href":"https:\/\/grupotextil.es\/en\/wp-json\/wp\/v2\/product_tag?post=395924"}],"curies":[{"name":"wp","href":"https:\/\/api.w.org\/{rel}","templated":true}]}}