{"id":395927,"date":"2026-03-08T05:04:03","date_gmt":"2026-03-08T04:04:03","guid":{"rendered":"https:\/\/grupotextil.es\/producto\/camisa-oxford-corporativa-manga-larga-classic-fit\/"},"modified":"2026-03-08T05:04:03","modified_gmt":"2026-03-08T04:04:03","slug":"camisa-oxford-corporativa-manga-larga-classic-fit","status":"publish","type":"product","link":"https:\/\/grupotextil.es\/en\/product\/camisa-oxford-corporativa-manga-larga-classic-fit\/","title":{"rendered":"Shirt Oxford Corporativa Long Sleeve Classic Fit"},"content":{"rendered":"<ul>\n<li>125 g\/m\u00b2<\/li>\n<li>85% algod\u00f3n, 15% poli\u00e9ster<\/li>\n<li>Botones para sujetar el cuello a la camisa<\/li>\n<li>Canes\u00fa en hombros<\/li>\n<li>Pliegues invertidos<\/li>\n<li>Manga larga<\/li>\n<li>Pu\u00f1os ajustables<\/li>\n<li>Bolsillo en pecho<\/li>\n<li>Dobladillo redondeado<\/li>\n<li>Colores oscuros con botones del mismo color de la prenda<\/li>\n<li>Colores claros con botones con apariencia a n\u00e1car<\/li>\n<li>F\u00e1cil planchado<\/li>\n<\/ul>","protected":false},"excerpt":{"rendered":"<p>125 g\/m\u00b285% algod\u00f3n, 15% poli\u00e9sterBotones para sujetar el cuello a la camisaCanes\u00fa en hombrosPliegues invertidosManga largaPu\u00f1os ajustablesBolsillo en pechoDobladillo redondeadoColores oscuros con bot<\/p>","protected":false},"featured_media":425485,"comment_status":"open","ping_status":"closed","template":"","meta":{"_acf_changed":false},"product_brand":[11672],"product_cat":[13938],"product_tag":[],"class_list":{"0":"post-395927","1":"product","2":"type-product","3":"status-publish","4":"has-post-thumbnail","6":"product_brand-kustom-kit","7":"product_cat-camisas-corporativas","8":"tm-no-options","10":"first","11":"instock","12":"taxable","13":"shipping-taxable","14":"product-type-variable"},"acf":[],"_links":{"self":[{"href":"https:\/\/grupotextil.es\/en\/wp-json\/wp\/v2\/product\/395927","targetHints":{"allow":["GET"]}}],"collection":[{"href":"https:\/\/grupotextil.es\/en\/wp-json\/wp\/v2\/product"}],"about":[{"href":"https:\/\/grupotextil.es\/en\/wp-json\/wp\/v2\/types\/product"}],"replies":[{"embeddable":true,"href":"https:\/\/grupotextil.es\/en\/wp-json\/wp\/v2\/comments?post=395927"}],"wp:featuredmedia":[{"embeddable":true,"href":"https:\/\/grupotextil.es\/en\/wp-json\/wp\/v2\/media\/425485"}],"wp:attachment":[{"href":"https:\/\/grupotextil.es\/en\/wp-json\/wp\/v2\/media?parent=395927"}],"wp:term":[{"taxonomy":"product_brand","embeddable":true,"href":"https:\/\/grupotextil.es\/en\/wp-json\/wp\/v2\/product_brand?post=395927"},{"taxonomy":"product_cat","embeddable":true,"href":"https:\/\/grupotextil.es\/en\/wp-json\/wp\/v2\/product_cat?post=395927"},{"taxonomy":"product_tag","embeddable":true,"href":"https:\/\/grupotextil.es\/en\/wp-json\/wp\/v2\/product_tag?post=395927"}],"curies":[{"name":"wp","href":"https:\/\/api.w.org\/{rel}","templated":true}]}}