{"id":395963,"date":"2026-03-08T05:04:04","date_gmt":"2026-03-08T04:04:04","guid":{"rendered":"https:\/\/grupotextil.es\/producto\/camisa-tailored-fit-superwash-60o-pique\/"},"modified":"2026-03-08T05:04:04","modified_gmt":"2026-03-08T04:04:04","slug":"camisa-tailored-fit-superwash-60o-pique","status":"publish","type":"product","link":"https:\/\/grupotextil.es\/en\/product\/camisa-tailored-fit-superwash-60o-pique\/","title":{"rendered":"Camisa Tailored Fit Superwash\u00ae 60\u00ba Piqu\u00e9"},"content":{"rendered":"<ul>\n<li>185 g\/m\u00b2 (Blanco: 180 g\/m\u00b2)<\/li>\n<li>64% Poli\u00e9ster, 34% Algod\u00f3n, 2% Elastano (Piqu\u00e9)<\/li>\n<li>Cuello con botones<\/li>\n<li>Canes\u00fa trasero<\/li>\n<li>Botones del mismo tono<\/li>\n<li>Pu\u00f1o ajustable con 2 botones<\/li>\n<li>Costuras laterales y mangas con doble pespunte<\/li>\n<li>Dobladillo redondeado<\/li>\n<li>Bot\u00f3n de repuesto<\/li>\n<li>Lavable hasta 60\u00b0C<\/li>\n<li>F\u00e1cil planchado<\/li>\n<li>Ajuste a medida<\/li>\n<\/ul>","protected":false},"excerpt":{"rendered":"<p>185 g\/m\u00b2 (Blanco: 180 g\/m\u00b2)64% Poli\u00e9ster, 34% Algod\u00f3n, 2% Elastano (Piqu\u00e9)Cuello con botonesCanes\u00fa traseroBotones del mismo tonoPu\u00f1o ajustable con 2 botonesCosturas laterales y mangas con doble pespun<\/p>","protected":false},"featured_media":425491,"comment_status":"open","ping_status":"closed","template":"","meta":{"_acf_changed":false},"product_brand":[11672],"product_cat":[13938],"product_tag":[14009],"class_list":{"0":"post-395963","1":"product","2":"type-product","3":"status-publish","4":"has-post-thumbnail","6":"product_brand-kustom-kit","7":"product_cat-camisas-corporativas","8":"product_tag-top-ventas","9":"tm-no-options","11":"first","12":"instock","13":"taxable","14":"shipping-taxable","15":"product-type-variable"},"acf":[],"_links":{"self":[{"href":"https:\/\/grupotextil.es\/en\/wp-json\/wp\/v2\/product\/395963","targetHints":{"allow":["GET"]}}],"collection":[{"href":"https:\/\/grupotextil.es\/en\/wp-json\/wp\/v2\/product"}],"about":[{"href":"https:\/\/grupotextil.es\/en\/wp-json\/wp\/v2\/types\/product"}],"replies":[{"embeddable":true,"href":"https:\/\/grupotextil.es\/en\/wp-json\/wp\/v2\/comments?post=395963"}],"wp:featuredmedia":[{"embeddable":true,"href":"https:\/\/grupotextil.es\/en\/wp-json\/wp\/v2\/media\/425491"}],"wp:attachment":[{"href":"https:\/\/grupotextil.es\/en\/wp-json\/wp\/v2\/media?parent=395963"}],"wp:term":[{"taxonomy":"product_brand","embeddable":true,"href":"https:\/\/grupotextil.es\/en\/wp-json\/wp\/v2\/product_brand?post=395963"},{"taxonomy":"product_cat","embeddable":true,"href":"https:\/\/grupotextil.es\/en\/wp-json\/wp\/v2\/product_cat?post=395963"},{"taxonomy":"product_tag","embeddable":true,"href":"https:\/\/grupotextil.es\/en\/wp-json\/wp\/v2\/product_tag?post=395963"}],"curies":[{"name":"wp","href":"https:\/\/api.w.org\/{rel}","templated":true}]}}