{"id":396252,"date":"2026-03-08T05:07:35","date_gmt":"2026-03-08T04:07:35","guid":{"rendered":"https:\/\/grupotextil.es\/producto\/camisa-sportsman-classic-fit\/"},"modified":"2026-03-08T05:07:35","modified_gmt":"2026-03-08T04:07:35","slug":"camisa-sportsman-classic-fit","status":"publish","type":"product","link":"https:\/\/grupotextil.es\/en\/product\/camisa-sportsman-classic-fit\/","title":{"rendered":"Camisa Sportsman Classic Fit"},"content":{"rendered":"<ul>\n<li>125 g\/m\u00b2<\/li>\n<li>85% algod\u00f3n<\/li>\n<li>15% poli\u00e9ster<\/li>\n<li>F\u00e1cil planchado<\/li>\n<li>Rayas en color de contraste<\/li>\n<li>Ribetes en tercer color de contraste<\/li>\n<li>Interior del cuello en color de contraste<\/li>\n<li>Bolsillo en el pecho<\/li>\n<li>Botones del mismo color de la prenda<\/li>\n<li>Corte ancho<\/li>\n<li>Aberturas laterales reforzadas con cinta de espiguilla en color de contraste<\/li>\n<\/ul>","protected":false},"excerpt":{"rendered":"<p>125 g\/m\u00b285% algod\u00f3n15% poli\u00e9sterF\u00e1cil planchadoRayas en color de contrasteRibetes en tercer color de contrasteInterior del cuello en color de contrasteBolsillo en el pechoBotones del mismo color de la<\/p>","protected":false},"featured_media":425584,"comment_status":"open","ping_status":"closed","template":"","meta":{"_acf_changed":false},"product_brand":[11672],"product_cat":[13938,13973],"product_tag":[],"class_list":{"0":"post-396252","1":"product","2":"type-product","3":"status-publish","4":"has-post-thumbnail","6":"product_brand-kustom-kit","7":"product_cat-camisas-corporativas","8":"product_cat-ropa","9":"tm-no-options","11":"first","12":"instock","13":"taxable","14":"shipping-taxable","15":"product-type-variable"},"acf":[],"_links":{"self":[{"href":"https:\/\/grupotextil.es\/en\/wp-json\/wp\/v2\/product\/396252","targetHints":{"allow":["GET"]}}],"collection":[{"href":"https:\/\/grupotextil.es\/en\/wp-json\/wp\/v2\/product"}],"about":[{"href":"https:\/\/grupotextil.es\/en\/wp-json\/wp\/v2\/types\/product"}],"replies":[{"embeddable":true,"href":"https:\/\/grupotextil.es\/en\/wp-json\/wp\/v2\/comments?post=396252"}],"wp:featuredmedia":[{"embeddable":true,"href":"https:\/\/grupotextil.es\/en\/wp-json\/wp\/v2\/media\/425584"}],"wp:attachment":[{"href":"https:\/\/grupotextil.es\/en\/wp-json\/wp\/v2\/media?parent=396252"}],"wp:term":[{"taxonomy":"product_brand","embeddable":true,"href":"https:\/\/grupotextil.es\/en\/wp-json\/wp\/v2\/product_brand?post=396252"},{"taxonomy":"product_cat","embeddable":true,"href":"https:\/\/grupotextil.es\/en\/wp-json\/wp\/v2\/product_cat?post=396252"},{"taxonomy":"product_tag","embeddable":true,"href":"https:\/\/grupotextil.es\/en\/wp-json\/wp\/v2\/product_tag?post=396252"}],"curies":[{"name":"wp","href":"https:\/\/api.w.org\/{rel}","templated":true}]}}