{"id":396256,"date":"2026-03-08T05:07:39","date_gmt":"2026-03-08T04:07:39","guid":{"rendered":"https:\/\/grupotextil.es\/producto\/camisa-entallada-manga-larga-hombre\/"},"modified":"2026-03-08T05:07:39","modified_gmt":"2026-03-08T04:07:39","slug":"camisa-entallada-manga-larga-hombre","status":"publish","type":"product","link":"https:\/\/grupotextil.es\/en\/product\/camisa-entallada-manga-larga-hombre\/","title":{"rendered":"Shirt entallada manga larga hombre"},"content":{"rendered":"<ul>\n<li>140 g\/m\u00b2<\/li>\n<li>97% algod\u00f3n 3% elast\u00e1n<\/li>\n<li>Tela suave ligeramente el\u00e1stica para mayor comodidad y ajuste<\/li>\n<li>Cuello con un solo bot\u00f3n<\/li>\n<li>Botones a juego<\/li>\n<li>Canes\u00fa en hombros<\/li>\n<li>Inglete manguito doble abotonado con un solo bot\u00f3n en el guante del manguito<\/li>\n<li>Entallada<\/li>\n<li>Bajo redondeado<\/li>\n<li>Botones de repuesto<\/li>\n<li>F\u00e1cil cuidado<\/li>\n<\/ul>","protected":false},"excerpt":{"rendered":"<p>140 g\/m\u00b297% algod\u00f3n 3% elast\u00e1nTela suave ligeramente el\u00e1stica para mayor comodidad y ajusteCuello con un solo bot\u00f3nBotones a juegoCanes\u00fa en hombrosInglete manguito doble abotonado con un solo bot\u00f3n en<\/p>","protected":false},"featured_media":425585,"comment_status":"open","ping_status":"closed","template":"","meta":{"_acf_changed":false},"product_brand":[11670],"product_cat":[13938,13973],"product_tag":[],"class_list":{"0":"post-396256","1":"product","2":"type-product","3":"status-publish","4":"has-post-thumbnail","6":"product_brand-russell-europe","7":"product_cat-camisas-corporativas","8":"product_cat-ropa","9":"tm-no-options","11":"first","12":"instock","13":"taxable","14":"shipping-taxable","15":"product-type-variable"},"acf":[],"_links":{"self":[{"href":"https:\/\/grupotextil.es\/en\/wp-json\/wp\/v2\/product\/396256","targetHints":{"allow":["GET"]}}],"collection":[{"href":"https:\/\/grupotextil.es\/en\/wp-json\/wp\/v2\/product"}],"about":[{"href":"https:\/\/grupotextil.es\/en\/wp-json\/wp\/v2\/types\/product"}],"replies":[{"embeddable":true,"href":"https:\/\/grupotextil.es\/en\/wp-json\/wp\/v2\/comments?post=396256"}],"wp:featuredmedia":[{"embeddable":true,"href":"https:\/\/grupotextil.es\/en\/wp-json\/wp\/v2\/media\/425585"}],"wp:attachment":[{"href":"https:\/\/grupotextil.es\/en\/wp-json\/wp\/v2\/media?parent=396256"}],"wp:term":[{"taxonomy":"product_brand","embeddable":true,"href":"https:\/\/grupotextil.es\/en\/wp-json\/wp\/v2\/product_brand?post=396256"},{"taxonomy":"product_cat","embeddable":true,"href":"https:\/\/grupotextil.es\/en\/wp-json\/wp\/v2\/product_cat?post=396256"},{"taxonomy":"product_tag","embeddable":true,"href":"https:\/\/grupotextil.es\/en\/wp-json\/wp\/v2\/product_tag?post=396256"}],"curies":[{"name":"wp","href":"https:\/\/api.w.org\/{rel}","templated":true}]}}