{"id":396286,"date":"2026-03-08T05:07:40","date_gmt":"2026-03-08T04:07:40","guid":{"rendered":"https:\/\/grupotextil.es\/producto\/camisa-london-stretch-shirt-ls\/"},"modified":"2026-03-08T05:07:40","modified_gmt":"2026-03-08T04:07:40","slug":"camisa-london-stretch-shirt-ls","status":"publish","type":"product","link":"https:\/\/grupotextil.es\/en\/product\/camisa-london-stretch-shirt-ls\/","title":{"rendered":"Camisa London Stretch Shirt LS"},"content":{"rendered":"<ul>\n<li>135 g\/m\u00b2<\/li>\n<li>97% algod\u00f3n peinado<\/li>\n<li>3% elast\u00e1n<\/li>\n<li>Hombros ca\u00eddos<\/li>\n<li>Canes\u00fa en hombros<\/li>\n<li>Botones del mismo tono de la prenda<\/li>\n<li>2 botones en los pu\u00f1os con bot\u00f3n de recambio<\/li>\n<li>Bajos redondeados<\/li>\n<\/ul>","protected":false},"excerpt":{"rendered":"<p>135 g\/m\u00b297% algod\u00f3n peinado3% elast\u00e1nHombros ca\u00eddosCanes\u00fa en hombrosBotones del mismo tono de la prenda2 botones en los pu\u00f1os con bot\u00f3n de recambioBajos redondeados<\/p>","protected":false},"featured_media":425599,"comment_status":"open","ping_status":"closed","template":"","meta":{"_acf_changed":false},"product_brand":[11653],"product_cat":[13938,13973],"product_tag":[],"class_list":{"0":"post-396286","1":"product","2":"type-product","3":"status-publish","4":"has-post-thumbnail","6":"product_brand-b-c","7":"product_cat-camisas-corporativas","8":"product_cat-ropa","9":"tm-no-options","11":"first","12":"instock","13":"taxable","14":"shipping-taxable","15":"product-type-variable"},"acf":[],"_links":{"self":[{"href":"https:\/\/grupotextil.es\/en\/wp-json\/wp\/v2\/product\/396286","targetHints":{"allow":["GET"]}}],"collection":[{"href":"https:\/\/grupotextil.es\/en\/wp-json\/wp\/v2\/product"}],"about":[{"href":"https:\/\/grupotextil.es\/en\/wp-json\/wp\/v2\/types\/product"}],"replies":[{"embeddable":true,"href":"https:\/\/grupotextil.es\/en\/wp-json\/wp\/v2\/comments?post=396286"}],"wp:featuredmedia":[{"embeddable":true,"href":"https:\/\/grupotextil.es\/en\/wp-json\/wp\/v2\/media\/425599"}],"wp:attachment":[{"href":"https:\/\/grupotextil.es\/en\/wp-json\/wp\/v2\/media?parent=396286"}],"wp:term":[{"taxonomy":"product_brand","embeddable":true,"href":"https:\/\/grupotextil.es\/en\/wp-json\/wp\/v2\/product_brand?post=396286"},{"taxonomy":"product_cat","embeddable":true,"href":"https:\/\/grupotextil.es\/en\/wp-json\/wp\/v2\/product_cat?post=396286"},{"taxonomy":"product_tag","embeddable":true,"href":"https:\/\/grupotextil.es\/en\/wp-json\/wp\/v2\/product_tag?post=396286"}],"curies":[{"name":"wp","href":"https:\/\/api.w.org\/{rel}","templated":true}]}}