{"id":396454,"date":"2026-03-08T05:09:43","date_gmt":"2026-03-08T04:09:43","guid":{"rendered":"https:\/\/grupotextil.es\/producto\/camisa-manga-larga-oxford-en-contraste\/"},"modified":"2026-03-08T05:09:43","modified_gmt":"2026-03-08T04:09:43","slug":"camisa-manga-larga-oxford-en-contraste","status":"publish","type":"product","link":"https:\/\/grupotextil.es\/en\/product\/camisa-manga-larga-oxford-en-contraste\/","title":{"rendered":"Shirt Long Sleeve Oxford en Contraste"},"content":{"rendered":"<ul>\n<li>125 g\/m\u00b2<\/li>\n<li>85% Algod\u00f3n, 15% Poli\u00e9ster<\/li>\n<li>Canes\u00fa trasero<\/li>\n<li>Interior de cuello, pu\u00f1os y tapeta en contraste<\/li>\n<li>Mangas y costuras laterales a doble aguja<\/li>\n<li>Sisas con pespunte a una aguja<\/li>\n<li>Dobladillo redondeado<\/li>\n<li>2 botones de repuesto<\/li>\n<li>Entallado<\/li>\n<li>Etiqueta tejida<\/li>\n<li>F\u00e1cil planchado<\/li>\n<\/ul>","protected":false},"excerpt":{"rendered":"<p>125 g\/m\u00b285% Algod\u00f3n, 15% Poli\u00e9sterCanes\u00fa traseroInterior de cuello, pu\u00f1os y tapeta en contrasteMangas y costuras laterales a doble agujaSisas con pespunte a una agujaDobladillo redondeado2 botones de<\/p>","protected":false},"featured_media":425655,"comment_status":"open","ping_status":"closed","template":"","meta":{"_acf_changed":false},"product_brand":[11672],"product_cat":[13938,13930,13973],"product_tag":[],"class_list":{"0":"post-396454","1":"product","2":"type-product","3":"status-publish","4":"has-post-thumbnail","6":"product_brand-kustom-kit","7":"product_cat-camisas-corporativas","8":"product_cat-laboral","9":"product_cat-ropa","10":"tm-no-options","12":"first","13":"instock","14":"taxable","15":"shipping-taxable","16":"product-type-variable"},"acf":[],"_links":{"self":[{"href":"https:\/\/grupotextil.es\/en\/wp-json\/wp\/v2\/product\/396454","targetHints":{"allow":["GET"]}}],"collection":[{"href":"https:\/\/grupotextil.es\/en\/wp-json\/wp\/v2\/product"}],"about":[{"href":"https:\/\/grupotextil.es\/en\/wp-json\/wp\/v2\/types\/product"}],"replies":[{"embeddable":true,"href":"https:\/\/grupotextil.es\/en\/wp-json\/wp\/v2\/comments?post=396454"}],"wp:featuredmedia":[{"embeddable":true,"href":"https:\/\/grupotextil.es\/en\/wp-json\/wp\/v2\/media\/425655"}],"wp:attachment":[{"href":"https:\/\/grupotextil.es\/en\/wp-json\/wp\/v2\/media?parent=396454"}],"wp:term":[{"taxonomy":"product_brand","embeddable":true,"href":"https:\/\/grupotextil.es\/en\/wp-json\/wp\/v2\/product_brand?post=396454"},{"taxonomy":"product_cat","embeddable":true,"href":"https:\/\/grupotextil.es\/en\/wp-json\/wp\/v2\/product_cat?post=396454"},{"taxonomy":"product_tag","embeddable":true,"href":"https:\/\/grupotextil.es\/en\/wp-json\/wp\/v2\/product_tag?post=396454"}],"curies":[{"name":"wp","href":"https:\/\/api.w.org\/{rel}","templated":true}]}}