{"id":396474,"date":"2026-03-08T05:09:54","date_gmt":"2026-03-08T04:09:54","guid":{"rendered":"https:\/\/grupotextil.es\/producto\/chaqueta-hibrida-con-capucha-navigate-hombre\/"},"modified":"2026-03-08T05:09:54","modified_gmt":"2026-03-08T04:09:54","slug":"chaqueta-hibrida-con-capucha-navigate-hombre","status":"publish","type":"product","link":"https:\/\/grupotextil.es\/en\/product\/chaqueta-hibrida-con-capucha-navigate-hombre\/","title":{"rendered":"Chaqueta h\u00edbrida con capucha Navigate hombre"},"content":{"rendered":"<ul>\n<li>90% poli\u00e9ster, 10% elastano; reciclado parcialmente<\/li>\n<li>Paneles del cuerpo: 100% poliamida<\/li>\n<li>Relleno c\u00e1lido ligero reciclado<\/li>\n<li>Acabado repelente al agua duradero<\/li>\n<li>Capucha, mangas y costado del cuerpo el\u00e1sticos<\/li>\n<li>Cremallera completa en color de contraste con solapa interior<\/li>\n<li>Bolsillo en el pecho con cremallera en color de contraste<\/li>\n<li>2 bolsillos inferiores con cremallera en color de contraste<\/li>\n<li>Ideal para decoraci\u00f3n<\/li>\n<\/ul>","protected":false},"excerpt":{"rendered":"<p>90% poli\u00e9ster, 10% elastano; reciclado parcialmentePaneles del cuerpo: 100% poliamidaRelleno c\u00e1lido ligero recicladoAcabado repelente al agua duraderoCapucha, mangas y costado del cuerpo el\u00e1sticosCrem<\/p>","protected":false},"featured_media":425661,"comment_status":"open","ping_status":"closed","template":"","meta":{"_acf_changed":false},"product_brand":[11656],"product_cat":[13938,13930,13973],"product_tag":[14009],"class_list":{"0":"post-396474","1":"product","2":"type-product","3":"status-publish","4":"has-post-thumbnail","6":"product_brand-regatta","7":"product_cat-camisas-corporativas","8":"product_cat-laboral","9":"product_cat-ropa","10":"product_tag-top-ventas","11":"tm-no-options","13":"first","14":"instock","15":"taxable","16":"shipping-taxable","17":"product-type-variable"},"acf":[],"_links":{"self":[{"href":"https:\/\/grupotextil.es\/en\/wp-json\/wp\/v2\/product\/396474","targetHints":{"allow":["GET"]}}],"collection":[{"href":"https:\/\/grupotextil.es\/en\/wp-json\/wp\/v2\/product"}],"about":[{"href":"https:\/\/grupotextil.es\/en\/wp-json\/wp\/v2\/types\/product"}],"replies":[{"embeddable":true,"href":"https:\/\/grupotextil.es\/en\/wp-json\/wp\/v2\/comments?post=396474"}],"wp:featuredmedia":[{"embeddable":true,"href":"https:\/\/grupotextil.es\/en\/wp-json\/wp\/v2\/media\/425661"}],"wp:attachment":[{"href":"https:\/\/grupotextil.es\/en\/wp-json\/wp\/v2\/media?parent=396474"}],"wp:term":[{"taxonomy":"product_brand","embeddable":true,"href":"https:\/\/grupotextil.es\/en\/wp-json\/wp\/v2\/product_brand?post=396474"},{"taxonomy":"product_cat","embeddable":true,"href":"https:\/\/grupotextil.es\/en\/wp-json\/wp\/v2\/product_cat?post=396474"},{"taxonomy":"product_tag","embeddable":true,"href":"https:\/\/grupotextil.es\/en\/wp-json\/wp\/v2\/product_tag?post=396474"}],"curies":[{"name":"wp","href":"https:\/\/api.w.org\/{rel}","templated":true}]}}