{"id":396690,"date":"2026-03-08T05:11:56","date_gmt":"2026-03-08T04:11:56","guid":{"rendered":"https:\/\/grupotextil.es\/producto\/camisa-popelin-manga-corta-mujer-2\/"},"modified":"2026-03-08T05:11:56","modified_gmt":"2026-03-08T04:11:56","slug":"camisa-popelin-manga-corta-mujer-2","status":"publish","type":"product","link":"https:\/\/grupotextil.es\/en\/product\/camisa-popelin-manga-corta-mujer-2\/","title":{"rendered":"Shirt Popelin manga corta mujer"},"content":{"rendered":"<ul>\n<li>120 g\/m\u00b2 (White: 115 g\/m\u00b2)<\/li>\n<li>55% algod\u00f3n<\/li>\n<li>45% poli\u00e9ster<\/li>\n<li>F\u00e1cil cuidado<\/li>\n<li>Blusa popelin<\/li>\n<li>Cuello cl\u00e1sico<\/li>\n<li>Pinzas delante y detr\u00e1s para un corte ajustado<\/li>\n<li>Botones del mismo color de la prenda<\/li>\n<li>Bolsillo en pecho<\/li>\n<li>Bajo redondeado<\/li>\n<\/ul>","protected":false},"excerpt":{"rendered":"<p>120 g\/m\u00b2 (White: 115 g\/m\u00b2)55% algod\u00f3n45% poli\u00e9sterF\u00e1cil cuidadoBlusa popelinCuello cl\u00e1sicoPinzas delante y detr\u00e1s para un corte ajustadoBotones del mismo color de la prendaBolsillo en pechoBajo redond<\/p>","protected":false},"featured_media":425704,"comment_status":"open","ping_status":"closed","template":"","meta":{"_acf_changed":false},"product_brand":[11665],"product_cat":[13938,13930,13973],"product_tag":[],"class_list":{"0":"post-396690","1":"product","2":"type-product","3":"status-publish","4":"has-post-thumbnail","6":"product_brand-fruit-of-the-loom","7":"product_cat-camisas-corporativas","8":"product_cat-laboral","9":"product_cat-ropa","10":"tm-no-options","12":"first","13":"instock","14":"taxable","15":"shipping-taxable","16":"product-type-variable"},"acf":[],"_links":{"self":[{"href":"https:\/\/grupotextil.es\/en\/wp-json\/wp\/v2\/product\/396690","targetHints":{"allow":["GET"]}}],"collection":[{"href":"https:\/\/grupotextil.es\/en\/wp-json\/wp\/v2\/product"}],"about":[{"href":"https:\/\/grupotextil.es\/en\/wp-json\/wp\/v2\/types\/product"}],"replies":[{"embeddable":true,"href":"https:\/\/grupotextil.es\/en\/wp-json\/wp\/v2\/comments?post=396690"}],"wp:featuredmedia":[{"embeddable":true,"href":"https:\/\/grupotextil.es\/en\/wp-json\/wp\/v2\/media\/425704"}],"wp:attachment":[{"href":"https:\/\/grupotextil.es\/en\/wp-json\/wp\/v2\/media?parent=396690"}],"wp:term":[{"taxonomy":"product_brand","embeddable":true,"href":"https:\/\/grupotextil.es\/en\/wp-json\/wp\/v2\/product_brand?post=396690"},{"taxonomy":"product_cat","embeddable":true,"href":"https:\/\/grupotextil.es\/en\/wp-json\/wp\/v2\/product_cat?post=396690"},{"taxonomy":"product_tag","embeddable":true,"href":"https:\/\/grupotextil.es\/en\/wp-json\/wp\/v2\/product_tag?post=396690"}],"curies":[{"name":"wp","href":"https:\/\/api.w.org\/{rel}","templated":true}]}}