{"id":396701,"date":"2026-03-08T05:12:09","date_gmt":"2026-03-08T04:12:09","guid":{"rendered":"https:\/\/grupotextil.es\/producto\/camisa-popelin-manga-larga-2\/"},"modified":"2026-03-08T05:12:09","modified_gmt":"2026-03-08T04:12:09","slug":"camisa-popelin-manga-larga-2","status":"publish","type":"product","link":"https:\/\/grupotextil.es\/en\/product\/camisa-popelin-manga-larga-2\/","title":{"rendered":"Shirt popelin Long Sleeve"},"content":{"rendered":"<ul>\n<li>110 g\/m\u00b2 (White: 100 g\/m\u00b2)<\/li>\n<li>65% poli\u00e9ster 35% algod\u00f3n<\/li>\n<li>Manga larga<\/li>\n<li>Cuello cl\u00e1sico reforzado<\/li>\n<li>Botones del mismo color<\/li>\n<li>Canes\u00fa trasero con 2 pliegues laterales<\/li>\n<li>Bolsillo sobre el pecho izquierdo<\/li>\n<li>Pu\u00f1o ajustable con dos botones<\/li>\n<li>Corte cl\u00e1sico<\/li>\n<li>Dobladillo inferior recto<\/li>\n<li>Botones de repuesto<\/li>\n<li>F\u00e1cil cuidado<\/li>\n<li>Bajo recto<\/li>\n<\/ul>","protected":false},"excerpt":{"rendered":"<p>110 g\/m\u00b2 (White: 100 g\/m\u00b2)65% poli\u00e9ster 35% algod\u00f3nManga largaCuello cl\u00e1sico reforzadoBotones del mismo colorCanes\u00fa trasero con 2 pliegues lateralesBolsillo sobre el pecho izquierdoPu\u00f1o ajustable con<\/p>","protected":false},"featured_media":425716,"comment_status":"open","ping_status":"closed","template":"","meta":{"_acf_changed":false},"product_brand":[11670],"product_cat":[13938,13930,13973],"product_tag":[],"class_list":{"0":"post-396701","1":"product","2":"type-product","3":"status-publish","4":"has-post-thumbnail","6":"product_brand-russell-europe","7":"product_cat-camisas-corporativas","8":"product_cat-laboral","9":"product_cat-ropa","10":"tm-no-options","12":"first","13":"instock","14":"taxable","15":"shipping-taxable","16":"product-type-variable"},"acf":[],"_links":{"self":[{"href":"https:\/\/grupotextil.es\/en\/wp-json\/wp\/v2\/product\/396701","targetHints":{"allow":["GET"]}}],"collection":[{"href":"https:\/\/grupotextil.es\/en\/wp-json\/wp\/v2\/product"}],"about":[{"href":"https:\/\/grupotextil.es\/en\/wp-json\/wp\/v2\/types\/product"}],"replies":[{"embeddable":true,"href":"https:\/\/grupotextil.es\/en\/wp-json\/wp\/v2\/comments?post=396701"}],"wp:featuredmedia":[{"embeddable":true,"href":"https:\/\/grupotextil.es\/en\/wp-json\/wp\/v2\/media\/425716"}],"wp:attachment":[{"href":"https:\/\/grupotextil.es\/en\/wp-json\/wp\/v2\/media?parent=396701"}],"wp:term":[{"taxonomy":"product_brand","embeddable":true,"href":"https:\/\/grupotextil.es\/en\/wp-json\/wp\/v2\/product_brand?post=396701"},{"taxonomy":"product_cat","embeddable":true,"href":"https:\/\/grupotextil.es\/en\/wp-json\/wp\/v2\/product_cat?post=396701"},{"taxonomy":"product_tag","embeddable":true,"href":"https:\/\/grupotextil.es\/en\/wp-json\/wp\/v2\/product_tag?post=396701"}],"curies":[{"name":"wp","href":"https:\/\/api.w.org\/{rel}","templated":true}]}}