{"id":396766,"date":"2026-03-08T05:12:12","date_gmt":"2026-03-08T04:12:12","guid":{"rendered":"https:\/\/grupotextil.es\/producto\/chaqueta-softshell-narvik-hombre\/"},"modified":"2026-03-08T05:12:12","modified_gmt":"2026-03-08T04:12:12","slug":"chaqueta-softshell-narvik-hombre","status":"publish","type":"product","link":"https:\/\/grupotextil.es\/en\/product\/chaqueta-softshell-narvik-hombre\/","title":{"rendered":"Chaqueta Softshell Narvik hombre"},"content":{"rendered":"<ul>\n<li>275 g\/m\u00b2<\/li>\n<li>92% poli\u00e9ster (42% reciclado, 58% normal), 8% elastano<\/li>\n<li>Unido con 100% poli\u00e9ster (forro polar reciclado)<\/li>\n<li>Acabado repelente al agua libre de PFC<\/li>\n<li>Cremallera completa con estomflap interno y mentonera<\/li>\n<li>Bolsillos laterales con cremallera con forro Tricot<\/li>\n<li>Pu\u00f1os el\u00e1sticos<\/li>\n<li>Ajustado.<\/li>\n<li>Este producto est\u00e1 respaldado por una garant\u00eda de 5 a\u00f1os.<\/li>\n<\/ul>","protected":false},"excerpt":{"rendered":"<p>275 g\/m\u00b292% poli\u00e9ster (42% reciclado, 58% normal), 8% elastanoUnido con 100% poli\u00e9ster (forro polar reciclado)Acabado repelente al agua libre de PFCCremallera completa con estomflap interno y mento&#8230;<\/p>","protected":false},"featured_media":425738,"comment_status":"open","ping_status":"closed","template":"","meta":{"_acf_changed":false},"product_brand":[11664],"product_cat":[13938,13930,13973],"product_tag":[],"class_list":{"0":"post-396766","1":"product","2":"type-product","3":"status-publish","4":"has-post-thumbnail","6":"product_brand-stormtech","7":"product_cat-camisas-corporativas","8":"product_cat-laboral","9":"product_cat-ropa","10":"tm-no-options","12":"first","13":"instock","14":"taxable","15":"shipping-taxable","16":"product-type-variable"},"acf":[],"_links":{"self":[{"href":"https:\/\/grupotextil.es\/en\/wp-json\/wp\/v2\/product\/396766","targetHints":{"allow":["GET"]}}],"collection":[{"href":"https:\/\/grupotextil.es\/en\/wp-json\/wp\/v2\/product"}],"about":[{"href":"https:\/\/grupotextil.es\/en\/wp-json\/wp\/v2\/types\/product"}],"replies":[{"embeddable":true,"href":"https:\/\/grupotextil.es\/en\/wp-json\/wp\/v2\/comments?post=396766"}],"wp:featuredmedia":[{"embeddable":true,"href":"https:\/\/grupotextil.es\/en\/wp-json\/wp\/v2\/media\/425738"}],"wp:attachment":[{"href":"https:\/\/grupotextil.es\/en\/wp-json\/wp\/v2\/media?parent=396766"}],"wp:term":[{"taxonomy":"product_brand","embeddable":true,"href":"https:\/\/grupotextil.es\/en\/wp-json\/wp\/v2\/product_brand?post=396766"},{"taxonomy":"product_cat","embeddable":true,"href":"https:\/\/grupotextil.es\/en\/wp-json\/wp\/v2\/product_cat?post=396766"},{"taxonomy":"product_tag","embeddable":true,"href":"https:\/\/grupotextil.es\/en\/wp-json\/wp\/v2\/product_tag?post=396766"}],"curies":[{"name":"wp","href":"https:\/\/api.w.org\/{rel}","templated":true}]}}