{"id":397296,"date":"2026-03-08T05:16:12","date_gmt":"2026-03-08T04:16:12","guid":{"rendered":"https:\/\/grupotextil.es\/producto\/micropolar-cremallera-entera-nina\/"},"modified":"2026-03-08T05:16:12","modified_gmt":"2026-03-08T04:16:12","slug":"micropolar-cremallera-entera-nina","status":"publish","type":"product","link":"https:\/\/grupotextil.es\/en\/product\/micropolar-cremallera-entera-nina\/","title":{"rendered":"Micropolar Full Zip ni\u00f1a"},"content":{"rendered":"<ul>\n<li>200 g\/m\u00b2<\/li>\n<li>100% poli\u00e9ster (antibolitas)<\/li>\n<li>Cremallera entera del mismo color de la prenda<\/li>\n<li>Mangas ragl\u00e1n<\/li>\n<li>Bolsillos laterales con costuras decorativas<\/li>\n<li>Doble costura en mangas y bajo<\/li>\n<li>Adecuado para bordado, transfer digital y serigraf\u00eda<\/li>\n<li>Adecuado para impresi\u00f3n y bordado<\/li>\n<li>COLORES DESCATALOGADOS: Se retiran 1 colores de la colecci\u00f3n Falk&amp;Ross (Todav\u00eda est\u00e1n en el portfolio del fabricante).<\/li>\n<\/ul>","protected":false},"excerpt":{"rendered":"<p>200 g\/m\u00b2100% poli\u00e9ster (antibolitas)Cremallera entera del mismo color de la prendaMangas ragl\u00e1nBolsillos laterales con costuras decorativasDoble costura en mangas y bajoAdecuado para bordado, trans&#8230;<\/p>","protected":false},"featured_media":425896,"comment_status":"open","ping_status":"closed","template":"","meta":{"_acf_changed":false},"product_brand":[11669],"product_cat":[13981,13990,13974,13975,13973],"product_tag":[],"class_list":{"0":"post-397296","1":"product","2":"type-product","3":"status-publish","4":"has-post-thumbnail","6":"product_brand-result","7":"product_cat-h-chaquetas-y-abrigos","8":"product_cat-m-chaquetas-y-abrigos","9":"product_cat-ropa-hombre","10":"product_cat-ropa-mujer","11":"product_cat-ropa","12":"tm-no-options","14":"first","15":"instock","16":"taxable","17":"shipping-taxable","18":"product-type-variable"},"acf":[],"_links":{"self":[{"href":"https:\/\/grupotextil.es\/en\/wp-json\/wp\/v2\/product\/397296","targetHints":{"allow":["GET"]}}],"collection":[{"href":"https:\/\/grupotextil.es\/en\/wp-json\/wp\/v2\/product"}],"about":[{"href":"https:\/\/grupotextil.es\/en\/wp-json\/wp\/v2\/types\/product"}],"replies":[{"embeddable":true,"href":"https:\/\/grupotextil.es\/en\/wp-json\/wp\/v2\/comments?post=397296"}],"wp:featuredmedia":[{"embeddable":true,"href":"https:\/\/grupotextil.es\/en\/wp-json\/wp\/v2\/media\/425896"}],"wp:attachment":[{"href":"https:\/\/grupotextil.es\/en\/wp-json\/wp\/v2\/media?parent=397296"}],"wp:term":[{"taxonomy":"product_brand","embeddable":true,"href":"https:\/\/grupotextil.es\/en\/wp-json\/wp\/v2\/product_brand?post=397296"},{"taxonomy":"product_cat","embeddable":true,"href":"https:\/\/grupotextil.es\/en\/wp-json\/wp\/v2\/product_cat?post=397296"},{"taxonomy":"product_tag","embeddable":true,"href":"https:\/\/grupotextil.es\/en\/wp-json\/wp\/v2\/product_tag?post=397296"}],"curies":[{"name":"wp","href":"https:\/\/api.w.org\/{rel}","templated":true}]}}