{"id":397590,"date":"2026-03-08T05:17:26","date_gmt":"2026-03-08T04:17:26","guid":{"rendered":"https:\/\/grupotextil.es\/producto\/chaqueta-all-weather-mujer\/"},"modified":"2026-03-08T05:17:26","modified_gmt":"2026-03-08T04:17:26","slug":"chaqueta-all-weather-mujer","status":"publish","type":"product","link":"https:\/\/grupotextil.es\/en\/product\/chaqueta-all-weather-mujer\/","title":{"rendered":"Chaqueta all weather mujer"},"content":{"rendered":"<ul>\n<li>88 % poli\u00e9ster (reciclado), 12 % elastano<\/li>\n<li>Tejido el\u00e1stico de 2 capas con forro de poli\u00e9ster 310T (reciclado) con acolchado DuPont\u2122<\/li>\n<li>Cuello alto y elegante<\/li>\n<li>Bolsillo interior y bolsillo en el pecho<\/li>\n<li>Amplios bolsillos delanteros con forro t\u00e9rmico<\/li>\n<li>Cremalleras frontales y de bolsillos repelentes al agua<\/li>\n<li>Detalle el\u00e1stico en dobladillo y pu\u00f1os<\/li>\n<li>Resistente al viento y al agua (8000 mm), costuras selladas<\/li>\n<li>Transpirable (3000 g\/m\u00b2 en 24h).<\/li>\n<\/ul>","protected":false},"excerpt":{"rendered":"<p>88 % poli\u00e9ster (reciclado), 12 % elastanoTejido el\u00e1stico de 2 capas con forro de poli\u00e9ster 310T (reciclado) con acolchado DuPont\u2122Cuello alto y eleganteBolsillo interior y bolsillo en el pechoAmplio&#8230;<\/p>","protected":false},"featured_media":425948,"comment_status":"open","ping_status":"closed","template":"","meta":{"_acf_changed":false},"product_brand":[11671],"product_cat":[13990,13981,13974,13975,13973],"product_tag":[],"class_list":{"0":"post-397590","1":"product","2":"type-product","3":"status-publish","4":"has-post-thumbnail","6":"product_brand-tee-jays","7":"product_cat-m-chaquetas-y-abrigos","8":"product_cat-h-chaquetas-y-abrigos","9":"product_cat-ropa-hombre","10":"product_cat-ropa-mujer","11":"product_cat-ropa","12":"tm-no-options","14":"first","15":"instock","16":"taxable","17":"shipping-taxable","18":"product-type-variable"},"acf":[],"_links":{"self":[{"href":"https:\/\/grupotextil.es\/en\/wp-json\/wp\/v2\/product\/397590","targetHints":{"allow":["GET"]}}],"collection":[{"href":"https:\/\/grupotextil.es\/en\/wp-json\/wp\/v2\/product"}],"about":[{"href":"https:\/\/grupotextil.es\/en\/wp-json\/wp\/v2\/types\/product"}],"replies":[{"embeddable":true,"href":"https:\/\/grupotextil.es\/en\/wp-json\/wp\/v2\/comments?post=397590"}],"wp:featuredmedia":[{"embeddable":true,"href":"https:\/\/grupotextil.es\/en\/wp-json\/wp\/v2\/media\/425948"}],"wp:attachment":[{"href":"https:\/\/grupotextil.es\/en\/wp-json\/wp\/v2\/media?parent=397590"}],"wp:term":[{"taxonomy":"product_brand","embeddable":true,"href":"https:\/\/grupotextil.es\/en\/wp-json\/wp\/v2\/product_brand?post=397590"},{"taxonomy":"product_cat","embeddable":true,"href":"https:\/\/grupotextil.es\/en\/wp-json\/wp\/v2\/product_cat?post=397590"},{"taxonomy":"product_tag","embeddable":true,"href":"https:\/\/grupotextil.es\/en\/wp-json\/wp\/v2\/product_tag?post=397590"}],"curies":[{"name":"wp","href":"https:\/\/api.w.org\/{rel}","templated":true}]}}