{"id":398092,"date":"2026-03-08T05:17:50","date_gmt":"2026-03-08T04:17:50","guid":{"rendered":"https:\/\/grupotextil.es\/producto\/chaqueton-hi-vis-motorway\/"},"modified":"2026-03-08T05:17:50","modified_gmt":"2026-03-08T04:17:50","slug":"chaqueton-hi-vis-motorway","status":"publish","type":"product","link":"https:\/\/grupotextil.es\/en\/product\/chaqueton-hi-vis-motorway\/","title":{"rendered":"Chaquet\u00f3n Hi-Vis Motorway"},"content":{"rendered":"<ul>\n<li>Exterior: 100% poli\u00e9ster ( recubrimiento oxford 300D PU)<\/li>\n<li>Forro: 100% poli\u00e9ster (190T acolchado con motivo de diamante)<\/li>\n<li>EN ISO 20471:2013, class 3<\/li>\n<li>Resistente y c\u00e1lido<\/li>\n<li>Resistente al viento y al agua (1.000 mm)<\/li>\n<li>Costuras totalmente selladas<\/li>\n<li>Capucha plegable y oculta con cord\u00f3n de ajuste<\/li>\n<li>Cremallera entera de doble sentido con solapa con cierre de bot\u00f3n a presi\u00f3n<\/li>\n<li>2 grandes bolsillos delanteros<\/li>\n<li>Bolsillo interior derecho<\/li>\n<li>Las cintas reflectantes estan cosidas y miden 50mmm<\/li>\n<li>GO\/RT 3279 ISSUE 8:2013, class 3 (solamente en naranja fluorescente).<\/li>\n<\/ul>","protected":false},"excerpt":{"rendered":"<p>Exterior: 100% poli\u00e9ster ( recubrimiento oxford 300D PU)Forro: 100% poli\u00e9ster (190T acolchado con motivo de diamante)EN ISO 20471:2013, class 3Resistente y c\u00e1lidoResistente al viento y al agua (1.<\/p>","protected":false},"featured_media":426116,"comment_status":"open","ping_status":"closed","template":"","meta":{"_acf_changed":false},"product_brand":[11669],"product_cat":[13931,13990,13981,13974,13930,13975,13973],"product_tag":[],"class_list":{"0":"post-398092","1":"product","2":"type-product","3":"status-publish","4":"has-post-thumbnail","6":"product_brand-result","7":"product_cat-rl-alta-visibilidad","8":"product_cat-m-chaquetas-y-abrigos","9":"product_cat-h-chaquetas-y-abrigos","10":"product_cat-ropa-hombre","11":"product_cat-laboral","12":"product_cat-ropa-mujer","13":"product_cat-ropa","14":"tm-no-options","16":"first","17":"instock","18":"taxable","19":"shipping-taxable","20":"product-type-variable"},"acf":[],"_links":{"self":[{"href":"https:\/\/grupotextil.es\/en\/wp-json\/wp\/v2\/product\/398092","targetHints":{"allow":["GET"]}}],"collection":[{"href":"https:\/\/grupotextil.es\/en\/wp-json\/wp\/v2\/product"}],"about":[{"href":"https:\/\/grupotextil.es\/en\/wp-json\/wp\/v2\/types\/product"}],"replies":[{"embeddable":true,"href":"https:\/\/grupotextil.es\/en\/wp-json\/wp\/v2\/comments?post=398092"}],"wp:featuredmedia":[{"embeddable":true,"href":"https:\/\/grupotextil.es\/en\/wp-json\/wp\/v2\/media\/426116"}],"wp:attachment":[{"href":"https:\/\/grupotextil.es\/en\/wp-json\/wp\/v2\/media?parent=398092"}],"wp:term":[{"taxonomy":"product_brand","embeddable":true,"href":"https:\/\/grupotextil.es\/en\/wp-json\/wp\/v2\/product_brand?post=398092"},{"taxonomy":"product_cat","embeddable":true,"href":"https:\/\/grupotextil.es\/en\/wp-json\/wp\/v2\/product_cat?post=398092"},{"taxonomy":"product_tag","embeddable":true,"href":"https:\/\/grupotextil.es\/en\/wp-json\/wp\/v2\/product_tag?post=398092"}],"curies":[{"name":"wp","href":"https:\/\/api.w.org\/{rel}","templated":true}]}}