{"id":398549,"date":"2026-03-08T05:18:31","date_gmt":"2026-03-08T04:18:31","guid":{"rendered":"https:\/\/grupotextil.es\/producto\/chaqueta-epsilon-system\/"},"modified":"2026-03-08T05:18:31","modified_gmt":"2026-03-08T04:18:31","slug":"chaqueta-epsilon-system","status":"publish","type":"product","link":"https:\/\/grupotextil.es\/en\/product\/chaqueta-epsilon-system\/","title":{"rendered":"Jacket Epsilon System"},"content":{"rendered":"<ul>\n<li>Exterior: 305 g\/ m\u00b2; 95% nylon, 5% elastano<\/li>\n<li>Forro: 100% Poli\u00e9ster (Micropolar)<\/li>\n<li>Forro t\u00e9rmico con cremallera: 100% nylon (40 g\/m\u00b2)<\/li>\n<li>Capa exterior impermeable H2XTREME\u00ae (8.000 mm) y transpirable (5.000 g\/m\u00b2)<\/li>\n<li>Acabado repelente al agua sin PFC<\/li>\n<li>Tejido el\u00e1stico chaqueta exterior<\/li>\n<li>Cremallera impermeable YKK\u00ae AquaGuard\u00ae<\/li>\n<li>Capucha completa con protector facial<\/li>\n<li>Protector de cuello y barbilla<\/li>\n<li>Bolsillos en el pecho con cremallera<\/li>\n<li>Bolsillos laterales para las manos con cremallera<\/li>\n<li>Bolsillo con cremallera en la manga<\/li>\n<li>Pu\u00f1os ajustables con cierre tipo velcro<\/li>\n<li>Este producto est\u00e1 respaldado por una garant\u00eda de 5 a\u00f1os.<\/li>\n<\/ul>","protected":false},"excerpt":{"rendered":"<p>Exterior: 305 g\/ m\u00b2; 95% nylon, 5% elastanoForro: 100% Poli\u00e9ster (Micropolar)Forro t\u00e9rmico con cremallera: 100% nylon (40 g\/m\u00b2)Capa exterior impermeable H2XTREME\u00ae (8.<\/p>","protected":false},"featured_media":426238,"comment_status":"open","ping_status":"closed","template":"","meta":{"_acf_changed":false},"product_brand":[11664],"product_cat":[13981,13990,13974,13975,13973],"product_tag":[],"class_list":{"0":"post-398549","1":"product","2":"type-product","3":"status-publish","4":"has-post-thumbnail","6":"product_brand-stormtech","7":"product_cat-h-chaquetas-y-abrigos","8":"product_cat-m-chaquetas-y-abrigos","9":"product_cat-ropa-hombre","10":"product_cat-ropa-mujer","11":"product_cat-ropa","12":"tm-no-options","14":"first","15":"instock","16":"taxable","17":"shipping-taxable","18":"product-type-variable"},"acf":[],"_links":{"self":[{"href":"https:\/\/grupotextil.es\/en\/wp-json\/wp\/v2\/product\/398549","targetHints":{"allow":["GET"]}}],"collection":[{"href":"https:\/\/grupotextil.es\/en\/wp-json\/wp\/v2\/product"}],"about":[{"href":"https:\/\/grupotextil.es\/en\/wp-json\/wp\/v2\/types\/product"}],"replies":[{"embeddable":true,"href":"https:\/\/grupotextil.es\/en\/wp-json\/wp\/v2\/comments?post=398549"}],"wp:featuredmedia":[{"embeddable":true,"href":"https:\/\/grupotextil.es\/en\/wp-json\/wp\/v2\/media\/426238"}],"wp:attachment":[{"href":"https:\/\/grupotextil.es\/en\/wp-json\/wp\/v2\/media?parent=398549"}],"wp:term":[{"taxonomy":"product_brand","embeddable":true,"href":"https:\/\/grupotextil.es\/en\/wp-json\/wp\/v2\/product_brand?post=398549"},{"taxonomy":"product_cat","embeddable":true,"href":"https:\/\/grupotextil.es\/en\/wp-json\/wp\/v2\/product_cat?post=398549"},{"taxonomy":"product_tag","embeddable":true,"href":"https:\/\/grupotextil.es\/en\/wp-json\/wp\/v2\/product_tag?post=398549"}],"curies":[{"name":"wp","href":"https:\/\/api.w.org\/{rel}","templated":true}]}}