{"id":398588,"date":"2026-03-08T05:18:50","date_gmt":"2026-03-08T04:18:50","guid":{"rendered":"https:\/\/grupotextil.es\/producto\/chaleco-polar-hombre\/"},"modified":"2026-03-08T05:18:50","modified_gmt":"2026-03-08T04:18:50","slug":"chaleco-polar-hombre","status":"publish","type":"product","link":"https:\/\/grupotextil.es\/en\/product\/chaleco-polar-hombre\/","title":{"rendered":"Chaleco polar hombre"},"content":{"rendered":"<ul>\n<li>220 g\/m\u00b2<\/li>\n<li>100% poli\u00e9ster (micropolar con tratamiento anti-bolitas)<\/li>\n<li>Transpirable<\/li>\n<li>Tacto suave<\/li>\n<li>Cuello alto<\/li>\n<li>Cuello encintado de poli\u00e9ster<\/li>\n<li>Canes\u00fa trasero en cuello<\/li>\n<li>Cremallera entera con solapa interior<\/li>\n<li>2 Bolsillos<\/li>\n<li>Sisa con bordes de poli\u00e9ster<\/li>\n<li>Costuras laterales<\/li>\n<li>Dobladillo ajustable<\/li>\n<li>Corte normal<\/li>\n<\/ul>","protected":false},"excerpt":{"rendered":"<p>220 g\/m\u00b2100% poli\u00e9ster (micropolar con tratamiento anti-bolitas)TranspirableTacto suaveCuello altoCuello encintado de poli\u00e9sterCanes\u00fa trasero en cuelloCremallera entera con solapa interior2 BolsillosS<\/p>","protected":false},"featured_media":426254,"comment_status":"open","ping_status":"closed","template":"","meta":{"_acf_changed":false},"product_brand":[11658],"product_cat":[13981,13990,13974,13975,13973],"product_tag":[],"class_list":{"0":"post-398588","1":"product","2":"type-product","3":"status-publish","4":"has-post-thumbnail","6":"product_brand-stedman","7":"product_cat-h-chaquetas-y-abrigos","8":"product_cat-m-chaquetas-y-abrigos","9":"product_cat-ropa-hombre","10":"product_cat-ropa-mujer","11":"product_cat-ropa","12":"tm-no-options","14":"first","15":"instock","16":"taxable","17":"shipping-taxable","18":"product-type-variable"},"acf":[],"_links":{"self":[{"href":"https:\/\/grupotextil.es\/en\/wp-json\/wp\/v2\/product\/398588","targetHints":{"allow":["GET"]}}],"collection":[{"href":"https:\/\/grupotextil.es\/en\/wp-json\/wp\/v2\/product"}],"about":[{"href":"https:\/\/grupotextil.es\/en\/wp-json\/wp\/v2\/types\/product"}],"replies":[{"embeddable":true,"href":"https:\/\/grupotextil.es\/en\/wp-json\/wp\/v2\/comments?post=398588"}],"wp:featuredmedia":[{"embeddable":true,"href":"https:\/\/grupotextil.es\/en\/wp-json\/wp\/v2\/media\/426254"}],"wp:attachment":[{"href":"https:\/\/grupotextil.es\/en\/wp-json\/wp\/v2\/media?parent=398588"}],"wp:term":[{"taxonomy":"product_brand","embeddable":true,"href":"https:\/\/grupotextil.es\/en\/wp-json\/wp\/v2\/product_brand?post=398588"},{"taxonomy":"product_cat","embeddable":true,"href":"https:\/\/grupotextil.es\/en\/wp-json\/wp\/v2\/product_cat?post=398588"},{"taxonomy":"product_tag","embeddable":true,"href":"https:\/\/grupotextil.es\/en\/wp-json\/wp\/v2\/product_tag?post=398588"}],"curies":[{"name":"wp","href":"https:\/\/api.w.org\/{rel}","templated":true}]}}